{"id":5595,"date":"2024-10-02T16:18:55","date_gmt":"2024-10-02T14:18:55","guid":{"rendered":"https:\/\/lieutenantpoilu.com\/militaria\/sin%20categor\u00eda\/medalla-de-guerra-del-incidente-de-china-1937\/"},"modified":"2024-10-02T16:31:06","modified_gmt":"2024-10-02T14:31:06","slug":"medalla-de-guerra-del-incidente-de-china-1937","status":"publish","type":"product","link":"https:\/\/lieutenantpoilu.com\/es\/militaria\/japon\/medalla-de-guerra-del-incidente-de-china-1937\/","title":{"rendered":"Medalla de Guerra del Incidente de China 1937"},"content":{"rendered":"","protected":false},"excerpt":{"rendered":"<p>La medalla de guerra del Incidente de China fue establecida por el Edicto Imperial n\u00ba 496 en julio de 1939. Fue otorgada a los soldados enviados a China hasta el verano de 1945.<\/p>\n<p>La medalla, hecha de bronce y con un di\u00e1metro de 30 mm, tiene un agarre giratorio y lleva la inscripci\u00f3n \u00abMedalla de Guerra\u00bb en su barra de campa\u00f1a. En el anverso, muestra al \u00abyata-no-karasu\u00bb, un cuervo legendario de tres patas, sobre banderas cruzadas del ej\u00e9rcito y la marina, con rayos de luz detr\u00e1s y el emblema del crisantemo en la parte superior.<\/p>\n<p>En el reverso de la medalla hay un dise\u00f1o que representa el norte de China, el centro de China y el mar Amarillo, con monta\u00f1as, nubes y olas en un estilo cl\u00e1sico chino. La inscripci\u00f3n dice \u00abIncidente de China\u00bb.<\/p>\n<p>El 7 de julio de 1937, un incidente en el Puente de Marco Polo, cerca de Pek\u00edn, provoc\u00f3 la escalada de la invasi\u00f3n japonesa en China. Este conflicto no declarado, denominado \u00abincidente\u00bb, se extendi\u00f3 por gran parte de China, causando cientos de miles de muertes antes de terminar con la rendici\u00f3n de Jap\u00f3n en 1945.<\/p>\n<p>*El yata-no-karasu es un cuervo rojo gigante de tres patas, una criatura m\u00edtica que, seg\u00fan la leyenda, gui\u00f3 al ej\u00e9rcito del emperador Jimmu Tenno a trav\u00e9s de las monta\u00f1as.<\/p>\n<figure id=\"attachment_5591\" aria-describedby=\"caption-attachment-5591\" style=\"width: 1024px\" class=\"wp-caption alignnone\"><img fetchpriority=\"high\" decoding=\"async\" class=\"wp-image-5591 size-large\" src=\"https:\/\/lieutenantpoilu.com\/wp-content\/uploads\/2024\/10\/china-incident-original-picture-1024x576.jpg\" alt=\"\" width=\"1024\" height=\"576\" srcset=\"https:\/\/lieutenantpoilu.com\/wp-content\/uploads\/2024\/10\/china-incident-original-picture-1024x576.jpg 1024w, https:\/\/lieutenantpoilu.com\/wp-content\/uploads\/2024\/10\/china-incident-original-picture-300x169.jpg 300w, https:\/\/lieutenantpoilu.com\/wp-content\/uploads\/2024\/10\/china-incident-original-picture-768x432.jpg 768w, https:\/\/lieutenantpoilu.com\/wp-content\/uploads\/2024\/10\/china-incident-original-picture-1536x864.jpg 1536w, https:\/\/lieutenantpoilu.com\/wp-content\/uploads\/2024\/10\/china-incident-original-picture-800x450.jpg 800w, https:\/\/lieutenantpoilu.com\/wp-content\/uploads\/2024\/10\/china-incident-original-picture-600x338.jpg 600w, https:\/\/lieutenantpoilu.com\/wp-content\/uploads\/2024\/10\/china-incident-original-picture.jpg 1800w\" sizes=\"(max-width: 1024px) 100vw, 1024px\" \/><figcaption id=\"caption-attachment-5591\" class=\"wp-caption-text\">Fuente: https:\/\/warfarehistorynetwork.com\/article\/the-fall-of-beijing-1937<\/figcaption><\/figure>\n","protected":false},"featured_media":5607,"comment_status":"open","ping_status":"closed","template":"","meta":{"_uf_show_specific_survey":0,"_uf_disable_surveys":false,"ocean_post_layout":"","ocean_both_sidebars_style":"","ocean_both_sidebars_content_width":0,"ocean_both_sidebars_sidebars_width":0,"ocean_sidebar":"0","ocean_second_sidebar":"0","ocean_disable_margins":"enable","ocean_add_body_class":"","ocean_shortcode_before_top_bar":"","ocean_shortcode_after_top_bar":"","ocean_shortcode_before_header":"","ocean_shortcode_after_header":"","ocean_has_shortcode":"","ocean_shortcode_after_title":"","ocean_shortcode_before_footer_widgets":"","ocean_shortcode_after_footer_widgets":"","ocean_shortcode_before_footer_bottom":"","ocean_shortcode_after_footer_bottom":"","ocean_display_top_bar":"default","ocean_display_header":"default","ocean_header_style":"","ocean_center_header_left_menu":"0","ocean_custom_header_template":"0","ocean_custom_logo":0,"ocean_custom_retina_logo":0,"ocean_custom_logo_max_width":0,"ocean_custom_logo_tablet_max_width":0,"ocean_custom_logo_mobile_max_width":0,"ocean_custom_logo_max_height":0,"ocean_custom_logo_tablet_max_height":0,"ocean_custom_logo_mobile_max_height":0,"ocean_header_custom_menu":"0","ocean_menu_typo_font_family":"0","ocean_menu_typo_font_subset":"","ocean_menu_typo_font_size":0,"ocean_menu_typo_font_size_tablet":0,"ocean_menu_typo_font_size_mobile":0,"ocean_menu_typo_font_size_unit":"px","ocean_menu_typo_font_weight":"","ocean_menu_typo_font_weight_tablet":"","ocean_menu_typo_font_weight_mobile":"","ocean_menu_typo_transform":"","ocean_menu_typo_transform_tablet":"","ocean_menu_typo_transform_mobile":"","ocean_menu_typo_line_height":0,"ocean_menu_typo_line_height_tablet":0,"ocean_menu_typo_line_height_mobile":0,"ocean_menu_typo_line_height_unit":"","ocean_menu_typo_spacing":0,"ocean_menu_typo_spacing_tablet":0,"ocean_menu_typo_spacing_mobile":0,"ocean_menu_typo_spacing_unit":"","ocean_menu_link_color":"","ocean_menu_link_color_hover":"","ocean_menu_link_color_active":"","ocean_menu_link_background":"","ocean_menu_link_hover_background":"","ocean_menu_link_active_background":"","ocean_menu_social_links_bg":"","ocean_menu_social_hover_links_bg":"","ocean_menu_social_links_color":"","ocean_menu_social_hover_links_color":"","ocean_disable_title":"default","ocean_disable_heading":"default","ocean_post_title":"","ocean_post_subheading":"","ocean_post_title_style":"","ocean_post_title_background_color":"","ocean_post_title_background":0,"ocean_post_title_bg_image_position":"","ocean_post_title_bg_image_attachment":"","ocean_post_title_bg_image_repeat":"","ocean_post_title_bg_image_size":"","ocean_post_title_height":0,"ocean_post_title_bg_overlay":0.5,"ocean_post_title_bg_overlay_color":"","ocean_disable_breadcrumbs":"default","ocean_breadcrumbs_color":"","ocean_breadcrumbs_separator_color":"","ocean_breadcrumbs_links_color":"","ocean_breadcrumbs_links_hover_color":"","ocean_display_footer_widgets":"default","ocean_display_footer_bottom":"default","ocean_custom_footer_template":"0"},"product_brand":[],"product_cat":[286,339,356,226],"product_tag":[],"class_list":{"0":"post-5595","1":"product","2":"type-product","3":"status-publish","4":"has-post-thumbnail","6":"product_cat-japon","7":"product_cat-medallas-y-condecoraciones","8":"product_cat-nuevos-articulos","9":"product_cat-segunda-guerra-mundial","10":"product_shipping_class-paquete-ligero","12":"entry","13":"has-media","15":"first","16":"outofstock","17":"sold-individually","18":"shipping-taxable","19":"purchasable","20":"product-type-simple","21":"has-product-nav","22":"col","23":"span_1_of_4","24":"owp-content-center","25":"item-entry","26":"owp-thumbs-layout-horizontal","27":"owp-btn-very-big","28":"owp-tabs-layout-horizontal"},"aioseo_notices":[],"_links":{"self":[{"href":"https:\/\/lieutenantpoilu.com\/es\/wp-json\/wp\/v2\/product\/5595","targetHints":{"allow":["GET"]}}],"collection":[{"href":"https:\/\/lieutenantpoilu.com\/es\/wp-json\/wp\/v2\/product"}],"about":[{"href":"https:\/\/lieutenantpoilu.com\/es\/wp-json\/wp\/v2\/types\/product"}],"replies":[{"embeddable":true,"href":"https:\/\/lieutenantpoilu.com\/es\/wp-json\/wp\/v2\/comments?post=5595"}],"wp:featuredmedia":[{"embeddable":true,"href":"https:\/\/lieutenantpoilu.com\/es\/wp-json\/wp\/v2\/media\/5607"}],"wp:attachment":[{"href":"https:\/\/lieutenantpoilu.com\/es\/wp-json\/wp\/v2\/media?parent=5595"}],"wp:term":[{"taxonomy":"product_brand","embeddable":true,"href":"https:\/\/lieutenantpoilu.com\/es\/wp-json\/wp\/v2\/product_brand?post=5595"},{"taxonomy":"product_cat","embeddable":true,"href":"https:\/\/lieutenantpoilu.com\/es\/wp-json\/wp\/v2\/product_cat?post=5595"},{"taxonomy":"product_tag","embeddable":true,"href":"https:\/\/lieutenantpoilu.com\/es\/wp-json\/wp\/v2\/product_tag?post=5595"}],"curies":[{"name":"wp","href":"https:\/\/api.w.org\/{rel}","templated":true}]}}