{"id":5578,"date":"2024-10-01T12:36:13","date_gmt":"2024-10-01T10:36:13","guid":{"rendered":"https:\/\/lieutenantpoilu.com\/militaria\/sin%20categor\u00eda\/medalla-conmemorativa-de-la-entronizacion-del-emperador-taisho\/"},"modified":"2024-10-01T12:41:47","modified_gmt":"2024-10-01T10:41:47","slug":"medalla-conmemorativa-de-la-entronizacion-del-emperador-taisho","status":"publish","type":"product","link":"https:\/\/lieutenantpoilu.com\/es\/militaria\/japon\/medalla-conmemorativa-de-la-entronizacion-del-emperador-taisho\/","title":{"rendered":"Medalla Conmemorativa de la Entronizaci\u00f3n del Emperador Taisho"},"content":{"rendered":"","protected":false},"excerpt":{"rendered":"<p>La medalla, con un di\u00e1metro de 30 mm, est\u00e1 hecha de plata. En el anverso, presenta un crisantemo dorado, ramas cruzadas de mandarina y cerezo, junto con largas banderas con la inscripci\u00f3n \u00ab\u00a1Banzai!\u00bb (\u00a1Que el Imperio viva diez mil a\u00f1os!). El reverso lleva caracteres que dicen \u00abGran Entronizaci\u00f3n \/ Medalla Conmemorativa \/ 4.\u00ba A\u00f1o de Taisho \/ 11.\u00ba Mes\u00bb en cuatro l\u00edneas horizontales.<\/p>\n<p>Esta medalla conmemorativa fue establecida por el Edicto Imperial n.\u00ba 154 el 13 de agosto de 1915, en preparaci\u00f3n para las ceremonias de entronizaci\u00f3n celebradas en noviembre de ese mismo a\u00f1o en la antigua capital de Kioto. Seg\u00fan el edicto, la medalla deb\u00eda ser otorgada \u00aba aquellos convocados para la ceremonia de &#8216;senso&#8217; (acceso al trono); a los invitados al Gran Banquete de entronizaci\u00f3n y a la Gran Ceremonia de Acceso; a los invitados a los banquetes celebrados en varios lugares; y a aquellos que oficiaran o sirvieran en relaci\u00f3n con la entronizaci\u00f3n\u00bb. El emperador japon\u00e9s no es coronado, sino que asciende al trono a trav\u00e9s de ceremonias tradicionales, llenas de esplendor y grandeza, t\u00edpicamente celebradas en Kioto.<\/p>\n<figure id=\"attachment_5574\" aria-describedby=\"caption-attachment-5574\" style=\"width: 683px\" class=\"wp-caption alignnone\"><img fetchpriority=\"high\" decoding=\"async\" class=\"wp-image-5574 size-large\" src=\"https:\/\/lieutenantpoilu.com\/wp-content\/uploads\/2024\/10\/empereur-Taisho-683x1024.jpg\" alt=\"\" width=\"683\" height=\"1024\" srcset=\"https:\/\/lieutenantpoilu.com\/wp-content\/uploads\/2024\/10\/empereur-Taisho-683x1024.jpg 683w, https:\/\/lieutenantpoilu.com\/wp-content\/uploads\/2024\/10\/empereur-Taisho-200x300.jpg 200w, https:\/\/lieutenantpoilu.com\/wp-content\/uploads\/2024\/10\/empereur-Taisho-768x1152.jpg 768w, https:\/\/lieutenantpoilu.com\/wp-content\/uploads\/2024\/10\/empereur-Taisho-1024x1536.jpg 1024w, https:\/\/lieutenantpoilu.com\/wp-content\/uploads\/2024\/10\/empereur-Taisho-600x900.jpg 600w, https:\/\/lieutenantpoilu.com\/wp-content\/uploads\/2024\/10\/empereur-Taisho.jpg 1280w\" sizes=\"(max-width: 683px) 100vw, 683px\" \/><figcaption id=\"caption-attachment-5574\" class=\"wp-caption-text\">Fuente: https:\/\/www.nippon.com\/fr\/in-depth\/c06113\/<\/figcaption><\/figure>\n","protected":false},"featured_media":5584,"comment_status":"open","ping_status":"closed","template":"","meta":{"_uf_show_specific_survey":0,"_uf_disable_surveys":false,"ocean_post_layout":"","ocean_both_sidebars_style":"","ocean_both_sidebars_content_width":0,"ocean_both_sidebars_sidebars_width":0,"ocean_sidebar":"0","ocean_second_sidebar":"0","ocean_disable_margins":"enable","ocean_add_body_class":"","ocean_shortcode_before_top_bar":"","ocean_shortcode_after_top_bar":"","ocean_shortcode_before_header":"","ocean_shortcode_after_header":"","ocean_has_shortcode":"","ocean_shortcode_after_title":"","ocean_shortcode_before_footer_widgets":"","ocean_shortcode_after_footer_widgets":"","ocean_shortcode_before_footer_bottom":"","ocean_shortcode_after_footer_bottom":"","ocean_display_top_bar":"default","ocean_display_header":"default","ocean_header_style":"","ocean_center_header_left_menu":"0","ocean_custom_header_template":"0","ocean_custom_logo":0,"ocean_custom_retina_logo":0,"ocean_custom_logo_max_width":0,"ocean_custom_logo_tablet_max_width":0,"ocean_custom_logo_mobile_max_width":0,"ocean_custom_logo_max_height":0,"ocean_custom_logo_tablet_max_height":0,"ocean_custom_logo_mobile_max_height":0,"ocean_header_custom_menu":"0","ocean_menu_typo_font_family":"0","ocean_menu_typo_font_subset":"","ocean_menu_typo_font_size":0,"ocean_menu_typo_font_size_tablet":0,"ocean_menu_typo_font_size_mobile":0,"ocean_menu_typo_font_size_unit":"px","ocean_menu_typo_font_weight":"","ocean_menu_typo_font_weight_tablet":"","ocean_menu_typo_font_weight_mobile":"","ocean_menu_typo_transform":"","ocean_menu_typo_transform_tablet":"","ocean_menu_typo_transform_mobile":"","ocean_menu_typo_line_height":0,"ocean_menu_typo_line_height_tablet":0,"ocean_menu_typo_line_height_mobile":0,"ocean_menu_typo_line_height_unit":"","ocean_menu_typo_spacing":0,"ocean_menu_typo_spacing_tablet":0,"ocean_menu_typo_spacing_mobile":0,"ocean_menu_typo_spacing_unit":"","ocean_menu_link_color":"","ocean_menu_link_color_hover":"","ocean_menu_link_color_active":"","ocean_menu_link_background":"","ocean_menu_link_hover_background":"","ocean_menu_link_active_background":"","ocean_menu_social_links_bg":"","ocean_menu_social_hover_links_bg":"","ocean_menu_social_links_color":"","ocean_menu_social_hover_links_color":"","ocean_disable_title":"default","ocean_disable_heading":"default","ocean_post_title":"","ocean_post_subheading":"","ocean_post_title_style":"","ocean_post_title_background_color":"","ocean_post_title_background":0,"ocean_post_title_bg_image_position":"","ocean_post_title_bg_image_attachment":"","ocean_post_title_bg_image_repeat":"","ocean_post_title_bg_image_size":"","ocean_post_title_height":0,"ocean_post_title_bg_overlay":0.5,"ocean_post_title_bg_overlay_color":"","ocean_disable_breadcrumbs":"default","ocean_breadcrumbs_color":"","ocean_breadcrumbs_separator_color":"","ocean_breadcrumbs_links_color":"","ocean_breadcrumbs_links_hover_color":"","ocean_display_footer_widgets":"default","ocean_display_footer_bottom":"default","ocean_custom_footer_template":"0"},"product_brand":[],"product_cat":[286,339,356,232],"product_tag":[],"class_list":{"0":"post-5578","1":"product","2":"type-product","3":"status-publish","4":"has-post-thumbnail","6":"product_cat-japon","7":"product_cat-medallas-y-condecoraciones","8":"product_cat-nuevos-articulos","9":"product_cat-primera-guerra-mundial","10":"product_shipping_class-paquete-ligero","12":"entry","13":"has-media","15":"first","16":"outofstock","17":"sold-individually","18":"shipping-taxable","19":"purchasable","20":"product-type-simple","21":"has-product-nav","22":"col","23":"span_1_of_4","24":"owp-content-center","25":"item-entry","26":"owp-thumbs-layout-horizontal","27":"owp-btn-very-big","28":"owp-tabs-layout-horizontal"},"aioseo_notices":[],"_links":{"self":[{"href":"https:\/\/lieutenantpoilu.com\/es\/wp-json\/wp\/v2\/product\/5578","targetHints":{"allow":["GET"]}}],"collection":[{"href":"https:\/\/lieutenantpoilu.com\/es\/wp-json\/wp\/v2\/product"}],"about":[{"href":"https:\/\/lieutenantpoilu.com\/es\/wp-json\/wp\/v2\/types\/product"}],"replies":[{"embeddable":true,"href":"https:\/\/lieutenantpoilu.com\/es\/wp-json\/wp\/v2\/comments?post=5578"}],"wp:featuredmedia":[{"embeddable":true,"href":"https:\/\/lieutenantpoilu.com\/es\/wp-json\/wp\/v2\/media\/5584"}],"wp:attachment":[{"href":"https:\/\/lieutenantpoilu.com\/es\/wp-json\/wp\/v2\/media?parent=5578"}],"wp:term":[{"taxonomy":"product_brand","embeddable":true,"href":"https:\/\/lieutenantpoilu.com\/es\/wp-json\/wp\/v2\/product_brand?post=5578"},{"taxonomy":"product_cat","embeddable":true,"href":"https:\/\/lieutenantpoilu.com\/es\/wp-json\/wp\/v2\/product_cat?post=5578"},{"taxonomy":"product_tag","embeddable":true,"href":"https:\/\/lieutenantpoilu.com\/es\/wp-json\/wp\/v2\/product_tag?post=5578"}],"curies":[{"name":"wp","href":"https:\/\/api.w.org\/{rel}","templated":true}]}}