{"id":5551,"date":"2024-09-30T14:37:03","date_gmt":"2024-09-30T12:37:03","guid":{"rendered":"https:\/\/lieutenantpoilu.com\/militaria\/sin%20categor\u00eda\/manipulator-de-morse-segunda-guerra-mundial\/"},"modified":"2024-09-30T15:15:00","modified_gmt":"2024-09-30T13:15:00","slug":"manipulator-de-morse-segunda-guerra-mundial","status":"publish","type":"product","link":"https:\/\/lieutenantpoilu.com\/es\/militaria\/alemania\/manipulator-de-morse-segunda-guerra-mundial\/","title":{"rendered":"MANIPULATOR DE MORSE | SEGUNDA GUERRA MUNDIAL"},"content":{"rendered":"","protected":false},"excerpt":{"rendered":"<p>Manipulador de morse de la Wehrmacht modelo \u00abBaumuster T1\u00bb est\u00e1 completo con la caja original y con la grabaci\u00f3n Waffenamt c\u00f3digo \u201cWaA376\u201d propia del material de comunicaci\u00f3n del ej\u00e9rcito alem\u00e1n durant la Segunda Guerra Mundial. El Waffenamt WaA376 tambi\u00e9n atestigua la recepci\u00f3n del objeto en 1938 por el ej\u00e9rcito alem\u00e1n.<br \/>En la tapa articulada de baquelita marr\u00f3n oscuro se indica \u00abVor dem \u00f6ffnen stecker herausziehen\u00bb, nota que significa \u00abretirar el enchufe antes de abrir\u00bb.<br \/>El conjunto es 100% original con las especificaciones del manipulador de Morse Baumuster T1: el bot\u00f3n de presi\u00f3n es de baquelita negra, la base es de madera, la funda es de algod\u00f3n textil suave y el enchufe tipo europeo con cabeza de cobre.<br \/>Al inicio de la Segunda Guerra Mundial, los alemanes dispon\u00edan de una infraestructura de comunicaci\u00f3n avanzada. Utilizaban transmisiones de radio para coordinar sus operaciones en el campo, lo que les otorgaba una ventaja estrat\u00e9gica. El c\u00f3digo morse se usaba ampliamente para estas comunicaciones, ya que permit\u00eda transmitir mensajes incluso en caso de mala calidad de l\u00ednea o interferencias.<br \/>A pesar de la competencia del ej\u00e9rcito alem\u00e1n en el campo, los manipuladores de morse alemanes de la Segunda Guerra Mundial enfrentaron desaf\u00edos. Los Aliados, especialmente los brit\u00e1nicos, desarrollaron capacidades de intercepci\u00f3n de radio, utilizando unidades de inteligencia para vigilar las comunicaciones enemigas. La unidad m\u00e1s famosa de desciframiento de las comunicaciones alemanas es sin duda la oficina brit\u00e1nica \u00abGovernment Code and Cypher School \u2013 GCCS\u00bb, que trabajaba esencialmente desde el sitio de Bletchley Park, situado entre Londres y Birmingham.          <\/p>\n","protected":false},"featured_media":5569,"comment_status":"open","ping_status":"closed","template":"","meta":{"_uf_show_specific_survey":0,"_uf_disable_surveys":false,"ocean_post_layout":"","ocean_both_sidebars_style":"","ocean_both_sidebars_content_width":0,"ocean_both_sidebars_sidebars_width":0,"ocean_sidebar":"0","ocean_second_sidebar":"0","ocean_disable_margins":"enable","ocean_add_body_class":"","ocean_shortcode_before_top_bar":"","ocean_shortcode_after_top_bar":"","ocean_shortcode_before_header":"","ocean_shortcode_after_header":"","ocean_has_shortcode":"","ocean_shortcode_after_title":"","ocean_shortcode_before_footer_widgets":"","ocean_shortcode_after_footer_widgets":"","ocean_shortcode_before_footer_bottom":"","ocean_shortcode_after_footer_bottom":"","ocean_display_top_bar":"default","ocean_display_header":"default","ocean_header_style":"","ocean_center_header_left_menu":"0","ocean_custom_header_template":"0","ocean_custom_logo":0,"ocean_custom_retina_logo":0,"ocean_custom_logo_max_width":0,"ocean_custom_logo_tablet_max_width":0,"ocean_custom_logo_mobile_max_width":0,"ocean_custom_logo_max_height":0,"ocean_custom_logo_tablet_max_height":0,"ocean_custom_logo_mobile_max_height":0,"ocean_header_custom_menu":"0","ocean_menu_typo_font_family":"0","ocean_menu_typo_font_subset":"","ocean_menu_typo_font_size":0,"ocean_menu_typo_font_size_tablet":0,"ocean_menu_typo_font_size_mobile":0,"ocean_menu_typo_font_size_unit":"px","ocean_menu_typo_font_weight":"","ocean_menu_typo_font_weight_tablet":"","ocean_menu_typo_font_weight_mobile":"","ocean_menu_typo_transform":"","ocean_menu_typo_transform_tablet":"","ocean_menu_typo_transform_mobile":"","ocean_menu_typo_line_height":0,"ocean_menu_typo_line_height_tablet":0,"ocean_menu_typo_line_height_mobile":0,"ocean_menu_typo_line_height_unit":"","ocean_menu_typo_spacing":0,"ocean_menu_typo_spacing_tablet":0,"ocean_menu_typo_spacing_mobile":0,"ocean_menu_typo_spacing_unit":"","ocean_menu_link_color":"","ocean_menu_link_color_hover":"","ocean_menu_link_color_active":"","ocean_menu_link_background":"","ocean_menu_link_hover_background":"","ocean_menu_link_active_background":"","ocean_menu_social_links_bg":"","ocean_menu_social_hover_links_bg":"","ocean_menu_social_links_color":"","ocean_menu_social_hover_links_color":"","ocean_disable_title":"default","ocean_disable_heading":"default","ocean_post_title":"","ocean_post_subheading":"","ocean_post_title_style":"","ocean_post_title_background_color":"","ocean_post_title_background":0,"ocean_post_title_bg_image_position":"","ocean_post_title_bg_image_attachment":"","ocean_post_title_bg_image_repeat":"","ocean_post_title_bg_image_size":"","ocean_post_title_height":0,"ocean_post_title_bg_overlay":0.5,"ocean_post_title_bg_overlay_color":"","ocean_disable_breadcrumbs":"default","ocean_breadcrumbs_color":"","ocean_breadcrumbs_separator_color":"","ocean_breadcrumbs_links_color":"","ocean_breadcrumbs_links_hover_color":"","ocean_display_footer_widgets":"default","ocean_display_footer_bottom":"default","ocean_custom_footer_template":"0"},"product_brand":[],"product_cat":[262,356,347,226],"product_tag":[],"class_list":{"0":"post-5551","1":"product","2":"type-product","3":"status-publish","4":"has-post-thumbnail","6":"product_cat-alemania","7":"product_cat-nuevos-articulos","8":"product_cat-otros-articulos-militares","9":"product_cat-segunda-guerra-mundial","10":"product_shipping_class-paquete-estandar","12":"entry","13":"has-media","15":"first","16":"outofstock","17":"sold-individually","18":"shipping-taxable","19":"purchasable","20":"product-type-simple","21":"has-product-nav","22":"col","23":"span_1_of_4","24":"owp-content-center","25":"item-entry","26":"owp-thumbs-layout-horizontal","27":"owp-btn-very-big","28":"owp-tabs-layout-horizontal"},"aioseo_notices":[],"_links":{"self":[{"href":"https:\/\/lieutenantpoilu.com\/es\/wp-json\/wp\/v2\/product\/5551","targetHints":{"allow":["GET"]}}],"collection":[{"href":"https:\/\/lieutenantpoilu.com\/es\/wp-json\/wp\/v2\/product"}],"about":[{"href":"https:\/\/lieutenantpoilu.com\/es\/wp-json\/wp\/v2\/types\/product"}],"replies":[{"embeddable":true,"href":"https:\/\/lieutenantpoilu.com\/es\/wp-json\/wp\/v2\/comments?post=5551"}],"wp:featuredmedia":[{"embeddable":true,"href":"https:\/\/lieutenantpoilu.com\/es\/wp-json\/wp\/v2\/media\/5569"}],"wp:attachment":[{"href":"https:\/\/lieutenantpoilu.com\/es\/wp-json\/wp\/v2\/media?parent=5551"}],"wp:term":[{"taxonomy":"product_brand","embeddable":true,"href":"https:\/\/lieutenantpoilu.com\/es\/wp-json\/wp\/v2\/product_brand?post=5551"},{"taxonomy":"product_cat","embeddable":true,"href":"https:\/\/lieutenantpoilu.com\/es\/wp-json\/wp\/v2\/product_cat?post=5551"},{"taxonomy":"product_tag","embeddable":true,"href":"https:\/\/lieutenantpoilu.com\/es\/wp-json\/wp\/v2\/product_tag?post=5551"}],"curies":[{"name":"wp","href":"https:\/\/api.w.org\/{rel}","templated":true}]}}