{"id":5328,"date":"2024-09-20T12:04:27","date_gmt":"2024-09-20T10:04:27","guid":{"rendered":"https:\/\/lieutenantpoilu.com\/militaria\/sin%20categor\u00eda\/charreteras-de-un-comandante-spahis-y-un-parche-de-manga-del-3er-regimiento-de-spahis\/"},"modified":"2024-09-20T12:34:28","modified_gmt":"2024-09-20T10:34:28","slug":"charreteras-de-un-comandante-spahis-y-un-parche-de-manga-del-3er-regimiento-de-spahis","status":"publish","type":"product","link":"https:\/\/lieutenantpoilu.com\/es\/militaria\/francia\/charreteras-de-un-comandante-spahis-y-un-parche-de-manga-del-3er-regimiento-de-spahis\/","title":{"rendered":"Charreteras de un Comandante Spahis y parche de manga del 3er Regimiento de Spahis"},"content":{"rendered":"","protected":false},"excerpt":{"rendered":"<p>Peque\u00f1o lote del Ej\u00e9rcito franc\u00e9s de \u00c1frica compuesto por las charreteras de un Comandante Spahis y un parche de manga del 3er Regimiento de Spahis. Conjunto en muy buen estado.<\/p>\n<p>Los Spahis son unidades de caballer\u00eda ligera originarias de los regimientos del ej\u00e9rcito franc\u00e9s, compuestas principalmente por soldados del norte de \u00c1frica. Su historia se remonta al per\u00edodo de la colonizaci\u00f3n francesa en Argelia, a principios del siglo XIX. Inspirada en las tropas de caballer\u00eda ind\u00edgenas del Imperio Otomano, esta unidad fue creada oficialmente en 1831 para integrarse en el ej\u00e9rcito colonial franc\u00e9s.<\/p>\n<p>Los Spahis fueron reclutados inicialmente entre jinetes \u00e1rabes y bereberes en Argelia, pero su reclutamiento se extendi\u00f3 posteriormente a otras regiones como T\u00fanez y Marruecos. Eran conocidos por su conocimiento del terreno en los conflictos locales. Durante la Primera y la Segunda Guerra Mundial, los Spahis lucharon junto a las tropas francesas, desempe\u00f1ando un papel importante gracias a su movilidad y su pericia en reconocimiento.<\/p>\n<p>Su uniforme distintivo, en particular su capa y su turbante, ha seguido siendo un s\u00edmbolo ic\u00f3nico de la unidad. Hoy en d\u00eda, los Spahis siguen existiendo en el ej\u00e9rcito franc\u00e9s en la forma del 1er Regimiento de Spahis, una unidad blindada con base en Valence, Francia. Aunque modernizados, contin\u00faan perpetuando las tradiciones de esta caballer\u00eda de \u00e9lite.<\/p>\n<figure id=\"attachment_5322\" aria-describedby=\"caption-attachment-5322\" style=\"width: 1024px\" class=\"wp-caption alignnone\"><img fetchpriority=\"high\" decoding=\"async\" class=\"wp-image-5322 size-full\" src=\"https:\/\/lieutenantpoilu.com\/wp-content\/uploads\/2024\/09\/french-spahis-african-army.jpg\" alt=\"\" width=\"1024\" height=\"594\" srcset=\"https:\/\/lieutenantpoilu.com\/wp-content\/uploads\/2024\/09\/french-spahis-african-army.jpg 1024w, https:\/\/lieutenantpoilu.com\/wp-content\/uploads\/2024\/09\/french-spahis-african-army-300x174.jpg 300w, https:\/\/lieutenantpoilu.com\/wp-content\/uploads\/2024\/09\/french-spahis-african-army-768x446.jpg 768w, https:\/\/lieutenantpoilu.com\/wp-content\/uploads\/2024\/09\/french-spahis-african-army-600x348.jpg 600w\" sizes=\"(max-width: 1024px) 100vw, 1024px\" \/><figcaption id=\"caption-attachment-5322\" class=\"wp-caption-text\">fuente : spahis.fr<\/figcaption><\/figure>\n","protected":false},"featured_media":5334,"comment_status":"open","ping_status":"closed","template":"","meta":{"_uf_show_specific_survey":0,"_uf_disable_surveys":false,"ocean_post_layout":"","ocean_both_sidebars_style":"","ocean_both_sidebars_content_width":0,"ocean_both_sidebars_sidebars_width":0,"ocean_sidebar":"0","ocean_second_sidebar":"0","ocean_disable_margins":"enable","ocean_add_body_class":"","ocean_shortcode_before_top_bar":"","ocean_shortcode_after_top_bar":"","ocean_shortcode_before_header":"","ocean_shortcode_after_header":"","ocean_has_shortcode":"","ocean_shortcode_after_title":"","ocean_shortcode_before_footer_widgets":"","ocean_shortcode_after_footer_widgets":"","ocean_shortcode_before_footer_bottom":"","ocean_shortcode_after_footer_bottom":"","ocean_display_top_bar":"default","ocean_display_header":"default","ocean_header_style":"","ocean_center_header_left_menu":"0","ocean_custom_header_template":"0","ocean_custom_logo":0,"ocean_custom_retina_logo":0,"ocean_custom_logo_max_width":0,"ocean_custom_logo_tablet_max_width":0,"ocean_custom_logo_mobile_max_width":0,"ocean_custom_logo_max_height":0,"ocean_custom_logo_tablet_max_height":0,"ocean_custom_logo_mobile_max_height":0,"ocean_header_custom_menu":"0","ocean_menu_typo_font_family":"0","ocean_menu_typo_font_subset":"","ocean_menu_typo_font_size":0,"ocean_menu_typo_font_size_tablet":0,"ocean_menu_typo_font_size_mobile":0,"ocean_menu_typo_font_size_unit":"px","ocean_menu_typo_font_weight":"","ocean_menu_typo_font_weight_tablet":"","ocean_menu_typo_font_weight_mobile":"","ocean_menu_typo_transform":"","ocean_menu_typo_transform_tablet":"","ocean_menu_typo_transform_mobile":"","ocean_menu_typo_line_height":0,"ocean_menu_typo_line_height_tablet":0,"ocean_menu_typo_line_height_mobile":0,"ocean_menu_typo_line_height_unit":"","ocean_menu_typo_spacing":0,"ocean_menu_typo_spacing_tablet":0,"ocean_menu_typo_spacing_mobile":0,"ocean_menu_typo_spacing_unit":"","ocean_menu_link_color":"","ocean_menu_link_color_hover":"","ocean_menu_link_color_active":"","ocean_menu_link_background":"","ocean_menu_link_hover_background":"","ocean_menu_link_active_background":"","ocean_menu_social_links_bg":"","ocean_menu_social_hover_links_bg":"","ocean_menu_social_links_color":"","ocean_menu_social_hover_links_color":"","ocean_disable_title":"default","ocean_disable_heading":"default","ocean_post_title":"","ocean_post_subheading":"","ocean_post_title_style":"","ocean_post_title_background_color":"","ocean_post_title_background":0,"ocean_post_title_bg_image_position":"","ocean_post_title_bg_image_attachment":"","ocean_post_title_bg_image_repeat":"","ocean_post_title_bg_image_size":"","ocean_post_title_height":0,"ocean_post_title_bg_overlay":0.5,"ocean_post_title_bg_overlay_color":"","ocean_disable_breadcrumbs":"default","ocean_breadcrumbs_color":"","ocean_breadcrumbs_separator_color":"","ocean_breadcrumbs_links_color":"","ocean_breadcrumbs_links_hover_color":"","ocean_display_footer_widgets":"default","ocean_display_footer_bottom":"default","ocean_custom_footer_template":"0"},"product_brand":[],"product_cat":[274,373,356,347,361],"product_tag":[],"class_list":{"0":"post-5328","1":"product","2":"type-product","3":"status-publish","4":"has-post-thumbnail","6":"product_cat-francia","7":"product_cat-indochina-y-argelia","8":"product_cat-nuevos-articulos","9":"product_cat-otros-articulos-militares","10":"product_cat-uniformes","11":"product_shipping_class-paquete-ligero","13":"entry","14":"has-media","16":"first","17":"outofstock","18":"sold-individually","19":"shipping-taxable","20":"purchasable","21":"product-type-simple","22":"has-product-nav","23":"col","24":"span_1_of_4","25":"owp-content-center","26":"item-entry","27":"owp-thumbs-layout-horizontal","28":"owp-btn-very-big","29":"owp-tabs-layout-horizontal"},"aioseo_notices":[],"_links":{"self":[{"href":"https:\/\/lieutenantpoilu.com\/es\/wp-json\/wp\/v2\/product\/5328","targetHints":{"allow":["GET"]}}],"collection":[{"href":"https:\/\/lieutenantpoilu.com\/es\/wp-json\/wp\/v2\/product"}],"about":[{"href":"https:\/\/lieutenantpoilu.com\/es\/wp-json\/wp\/v2\/types\/product"}],"replies":[{"embeddable":true,"href":"https:\/\/lieutenantpoilu.com\/es\/wp-json\/wp\/v2\/comments?post=5328"}],"wp:featuredmedia":[{"embeddable":true,"href":"https:\/\/lieutenantpoilu.com\/es\/wp-json\/wp\/v2\/media\/5334"}],"wp:attachment":[{"href":"https:\/\/lieutenantpoilu.com\/es\/wp-json\/wp\/v2\/media?parent=5328"}],"wp:term":[{"taxonomy":"product_brand","embeddable":true,"href":"https:\/\/lieutenantpoilu.com\/es\/wp-json\/wp\/v2\/product_brand?post=5328"},{"taxonomy":"product_cat","embeddable":true,"href":"https:\/\/lieutenantpoilu.com\/es\/wp-json\/wp\/v2\/product_cat?post=5328"},{"taxonomy":"product_tag","embeddable":true,"href":"https:\/\/lieutenantpoilu.com\/es\/wp-json\/wp\/v2\/product_tag?post=5328"}],"curies":[{"name":"wp","href":"https:\/\/api.w.org\/{rel}","templated":true}]}}