{"id":4992,"date":"2024-08-22T18:24:04","date_gmt":"2024-08-22T16:24:04","guid":{"rendered":"https:\/\/lieutenantpoilu.com\/?post_type=product&#038;p=4992"},"modified":"2024-08-22T19:57:34","modified_gmt":"2024-08-22T17:57:34","slug":"bandera-francesa-de-la-liberacion-de-brest-segunda-guerra-mundial","status":"publish","type":"product","link":"https:\/\/lieutenantpoilu.com\/es\/militaria\/francia\/bandera-francesa-de-la-liberacion-de-brest-segunda-guerra-mundial\/","title":{"rendered":"Bandera francesa de la liberaci\u00f3n de Brest, Segunda Guerra Mundial"},"content":{"rendered":"","protected":false},"excerpt":{"rendered":"<p style=\"font-weight: 400;\">Esta rara bandera de liberaci\u00f3n de la Segunda Guerra Mundial, hecha a mano, fue creada de urgencia por la poblaci\u00f3n francesa y utilizada durante la liberaci\u00f3n de Brest, Francia, para festejar la llegada de las fuerzas aliadas estadounidenses y brit\u00e1nicas en septiembre de 1944 (cuatro meses despu\u00e9s del desembarco aliado en Normand\u00eda).<\/p>\n<p style=\"font-weight: 400;\">A la espera de la liberaci\u00f3n aliada de su ciudad, muchos ciudadanos franceses fabricaron en secreto \u00abbanderas de liberaci\u00f3n\u00bb aliadas para darles la bienvenida y agradecerles. Sus caracter\u00edsticas improvisadas son casi ilimitadas. La falta de conocimientos espec\u00edficos sobre la bandera, la falta de tiempo y de materiales adecuados en una regi\u00f3n devastada se combinan para dar lugar a una colecci\u00f3n de banderas donde casi cada ejemplar es \u00fanico y raro. Los civiles franceses sorprendidos fabricando banderas de liberaci\u00f3n durante la ocupaci\u00f3n alemana eran ejecutados de inmediato.<\/p>\n<p style=\"font-weight: 400;\">Lo que hace excepcional a esta bandera de liberaci\u00f3n de Brest, Francia, no es solo su origen, sino tambi\u00e9n el hecho de que est\u00e1 sostenida por un palo de madera a\u00fan unido con los peque\u00f1os clavos originales clavados en el tejido.<\/p>\n<p style=\"font-weight: 400;\"><strong>Altura total:<\/strong> 2 m 27 cm<br \/>\n<strong>Ancho de la bandera:<\/strong> 1 m 29 cm<br \/>\n<strong>Altura de la bandera:<\/strong> 99 cm<\/p>\n<p>&nbsp;<\/p>\n<p><strong>LIBERACI\u00d3N DE BREST<\/strong><\/p>\n<figure id=\"attachment_4996\" aria-describedby=\"caption-attachment-4996\" style=\"width: 750px\" class=\"wp-caption alignnone\"><img fetchpriority=\"high\" decoding=\"async\" src=\"https:\/\/lieutenantpoilu.com\/wp-content\/uploads\/2024\/08\/french-liberation-by-allies.jpg\" alt=\"Liberaci\u00f3n francesa con banderas de los Aliados\" width=\"750\" height=\"563\" class=\"size-full wp-image-4996\" srcset=\"https:\/\/lieutenantpoilu.com\/wp-content\/uploads\/2024\/08\/french-liberation-by-allies.jpg 750w, https:\/\/lieutenantpoilu.com\/wp-content\/uploads\/2024\/08\/french-liberation-by-allies-300x225.jpg 300w, https:\/\/lieutenantpoilu.com\/wp-content\/uploads\/2024\/08\/french-liberation-by-allies-600x450.jpg 600w\" sizes=\"(max-width: 750px) 100vw, 750px\" \/><figcaption id=\"caption-attachment-4996\" class=\"wp-caption-text\">Fuente: https:\/\/www.cheminsdememoire.gouv.fr\/<\/figcaption><\/figure>\n<p style=\"font-weight: 400;\">La liberaci\u00f3n de Brest, en 1944, fue una de las batallas m\u00e1s intensas y destructivas de la campa\u00f1a de liberaci\u00f3n de Francia durante la Segunda Guerra Mundial. Ubicada en Finist\u00e8re, en Breta\u00f1a, Brest era un puerto militar crucial para los alemanes, quienes lo utilizaban como base submarina para sus U-boots. La ciudad estaba fortificada y defendida por cerca de 40,000 soldados alemanes, bajo el mando del general Hermann Bernhard Ramcke.<\/p>\n<p style=\"font-weight: 400;\"><strong>Contexto y preparaci\u00f3n<\/strong><\/p>\n<p style=\"font-weight: 400;\">Despu\u00e9s del desembarco en Normand\u00eda el 6 de junio de 1944, las fuerzas aliadas estadounidenses y brit\u00e1nicas comenzaron a avanzar hacia el oeste para liberar los puertos franceses del Atl\u00e1ntico. Brest era uno de los objetivos principales, ya que los aliados necesitaban puertos para enviar refuerzos y provisiones. La 8\u00aa divisi\u00f3n de infanter\u00eda estadounidense, comandada por el general Troy H. Middleton, fue encargada del ataque contra Brest.<\/p>\n<p style=\"font-weight: 400;\"><strong>La batalla<\/strong><\/p>\n<p style=\"font-weight: 400;\">La batalla por la liberaci\u00f3n de Brest comenz\u00f3 a mediados de agosto de 1944 y dur\u00f3 aproximadamente un mes. Los estadounidenses tuvieron que enfrentarse a una resistencia tenaz por parte de las fuerzas alemanas. La ciudad, fuertemente fortificada, contaba con numerosas defensas, como b\u00fankeres, ca\u00f1ones antia\u00e9reos y campos de minas.<\/p>\n<p style=\"font-weight: 400;\">Los combates fueron feroces, a menudo calle por calle, casa por casa. Los estadounidenses utilizaron artiller\u00eda pesada y bombardeos a\u00e9reos para intentar desalojar a los defensores alemanes. Sin embargo, la topograf\u00eda de la ciudad y la determinaci\u00f3n de los alemanes ralentizaron su avance. Los habitantes de Brest sufrieron enormemente durante este per\u00edodo, con la ciudad en gran parte destruida por los bombardeos.<\/p>\n<p style=\"font-weight: 400;\"><strong>La capitulaci\u00f3n<\/strong><\/p>\n<p style=\"font-weight: 400;\">El 18 de septiembre de 1944, despu\u00e9s de pesadas p\u00e9rdidas por ambos lados y una destrucci\u00f3n masiva de la ciudad, el general alem\u00e1n Ramcke finalmente se rindi\u00f3 con sus tropas. Brest fue liberada, pero la ciudad estaba en ruinas, y el puerto, que podr\u00eda haber sido de gran utilidad para los aliados, era pr\u00e1cticamente inutilizable debido a las devastaciones masivas. Los alemanes hab\u00edan destruido sistem\u00e1ticamente las infraestructuras portuarias antes de capitular, haciendo imposible cualquier uso inmediato del puerto por parte de los aliados.<\/p>\n<figure id=\"attachment_4993\" aria-describedby=\"caption-attachment-4993\" style=\"width: 1000px\" class=\"wp-caption alignnone\"><img decoding=\"async\" src=\"https:\/\/lieutenantpoilu.com\/wp-content\/uploads\/2024\/08\/french-liberation.jpg\" alt=\"Liberaci\u00f3n con la bandera francesa\" width=\"1000\" height=\"625\" class=\"size-full wp-image-4993\" srcset=\"https:\/\/lieutenantpoilu.com\/wp-content\/uploads\/2024\/08\/french-liberation.jpg 1000w, https:\/\/lieutenantpoilu.com\/wp-content\/uploads\/2024\/08\/french-liberation-300x188.jpg 300w, https:\/\/lieutenantpoilu.com\/wp-content\/uploads\/2024\/08\/french-liberation-768x480.jpg 768w, https:\/\/lieutenantpoilu.com\/wp-content\/uploads\/2024\/08\/french-liberation-600x375.jpg 600w\" sizes=\"(max-width: 1000px) 100vw, 1000px\" \/><figcaption id=\"caption-attachment-4993\" class=\"wp-caption-text\">Fuente: Journal Sud Ouest<\/figcaption><\/figure>\n<p style=\"font-weight: 400;\"><strong>Consecuencias<\/strong><\/p>\n<p style=\"font-weight: 400;\">La liberaci\u00f3n de Brest fue un \u00e9xito estrat\u00e9gico para los aliados, pero tuvo un alto costo en t\u00e9rminos de vidas humanas y destrucci\u00f3n material. La ciudad tuvo que ser reconstruida casi por completo despu\u00e9s de la guerra. Sin embargo, la liberaci\u00f3n de Brest tambi\u00e9n marc\u00f3 un punto de inflexi\u00f3n en la campa\u00f1a del Oeste, con las fuerzas alemanas siendo ahora empujadas m\u00e1s lejos de la costa atl\u00e1ntica francesa.<\/p>\n<p style=\"font-weight: 400;\">La batalla de Brest sigue siendo un ejemplo de los intensos combates urbanos de la Segunda Guerra Mundial, ilustrando la dificultad de retomar ciudades fuertemente defendidas por tropas decididas.<\/p>\n","protected":false},"featured_media":4960,"comment_status":"open","ping_status":"closed","template":"","meta":{"_uf_show_specific_survey":0,"_uf_disable_surveys":false,"ocean_post_layout":"","ocean_both_sidebars_style":"","ocean_both_sidebars_content_width":0,"ocean_both_sidebars_sidebars_width":0,"ocean_sidebar":"0","ocean_second_sidebar":"0","ocean_disable_margins":"enable","ocean_add_body_class":"","ocean_shortcode_before_top_bar":"","ocean_shortcode_after_top_bar":"","ocean_shortcode_before_header":"","ocean_shortcode_after_header":"","ocean_has_shortcode":"","ocean_shortcode_after_title":"","ocean_shortcode_before_footer_widgets":"","ocean_shortcode_after_footer_widgets":"","ocean_shortcode_before_footer_bottom":"","ocean_shortcode_after_footer_bottom":"","ocean_display_top_bar":"default","ocean_display_header":"default","ocean_header_style":"","ocean_center_header_left_menu":"0","ocean_custom_header_template":"0","ocean_custom_logo":0,"ocean_custom_retina_logo":0,"ocean_custom_logo_max_width":0,"ocean_custom_logo_tablet_max_width":0,"ocean_custom_logo_mobile_max_width":0,"ocean_custom_logo_max_height":0,"ocean_custom_logo_tablet_max_height":0,"ocean_custom_logo_mobile_max_height":0,"ocean_header_custom_menu":"0","ocean_menu_typo_font_family":"0","ocean_menu_typo_font_subset":"","ocean_menu_typo_font_size":0,"ocean_menu_typo_font_size_tablet":0,"ocean_menu_typo_font_size_mobile":0,"ocean_menu_typo_font_size_unit":"px","ocean_menu_typo_font_weight":"","ocean_menu_typo_font_weight_tablet":"","ocean_menu_typo_font_weight_mobile":"","ocean_menu_typo_transform":"","ocean_menu_typo_transform_tablet":"","ocean_menu_typo_transform_mobile":"","ocean_menu_typo_line_height":0,"ocean_menu_typo_line_height_tablet":0,"ocean_menu_typo_line_height_mobile":0,"ocean_menu_typo_line_height_unit":"","ocean_menu_typo_spacing":0,"ocean_menu_typo_spacing_tablet":0,"ocean_menu_typo_spacing_mobile":0,"ocean_menu_typo_spacing_unit":"","ocean_menu_link_color":"","ocean_menu_link_color_hover":"","ocean_menu_link_color_active":"","ocean_menu_link_background":"","ocean_menu_link_hover_background":"","ocean_menu_link_active_background":"","ocean_menu_social_links_bg":"","ocean_menu_social_hover_links_bg":"","ocean_menu_social_links_color":"","ocean_menu_social_hover_links_color":"","ocean_disable_title":"default","ocean_disable_heading":"default","ocean_post_title":"","ocean_post_subheading":"","ocean_post_title_style":"","ocean_post_title_background_color":"","ocean_post_title_background":0,"ocean_post_title_bg_image_position":"","ocean_post_title_bg_image_attachment":"","ocean_post_title_bg_image_repeat":"","ocean_post_title_bg_image_size":"","ocean_post_title_height":0,"ocean_post_title_bg_overlay":0.5,"ocean_post_title_bg_overlay_color":"","ocean_disable_breadcrumbs":"default","ocean_breadcrumbs_color":"","ocean_breadcrumbs_separator_color":"","ocean_breadcrumbs_links_color":"","ocean_breadcrumbs_links_hover_color":"","ocean_display_footer_widgets":"default","ocean_display_footer_bottom":"default","ocean_custom_footer_template":"0"},"product_brand":[],"product_cat":[274,226],"product_tag":[],"class_list":{"0":"post-4992","1":"product","2":"type-product","3":"status-publish","4":"has-post-thumbnail","6":"product_cat-francia","7":"product_cat-segunda-guerra-mundial","8":"product_shipping_class-paquete-semi-pesado","10":"entry","11":"has-media","13":"first","14":"instock","15":"sold-individually","16":"shipping-taxable","17":"purchasable","18":"product-type-simple","19":"has-product-nav","20":"col","21":"span_1_of_4","22":"owp-content-center","23":"item-entry","24":"owp-thumbs-layout-horizontal","25":"owp-btn-very-big","26":"owp-tabs-layout-horizontal"},"aioseo_notices":[],"_links":{"self":[{"href":"https:\/\/lieutenantpoilu.com\/es\/wp-json\/wp\/v2\/product\/4992","targetHints":{"allow":["GET"]}}],"collection":[{"href":"https:\/\/lieutenantpoilu.com\/es\/wp-json\/wp\/v2\/product"}],"about":[{"href":"https:\/\/lieutenantpoilu.com\/es\/wp-json\/wp\/v2\/types\/product"}],"replies":[{"embeddable":true,"href":"https:\/\/lieutenantpoilu.com\/es\/wp-json\/wp\/v2\/comments?post=4992"}],"wp:featuredmedia":[{"embeddable":true,"href":"https:\/\/lieutenantpoilu.com\/es\/wp-json\/wp\/v2\/media\/4960"}],"wp:attachment":[{"href":"https:\/\/lieutenantpoilu.com\/es\/wp-json\/wp\/v2\/media?parent=4992"}],"wp:term":[{"taxonomy":"product_brand","embeddable":true,"href":"https:\/\/lieutenantpoilu.com\/es\/wp-json\/wp\/v2\/product_brand?post=4992"},{"taxonomy":"product_cat","embeddable":true,"href":"https:\/\/lieutenantpoilu.com\/es\/wp-json\/wp\/v2\/product_cat?post=4992"},{"taxonomy":"product_tag","embeddable":true,"href":"https:\/\/lieutenantpoilu.com\/es\/wp-json\/wp\/v2\/product_tag?post=4992"}],"curies":[{"name":"wp","href":"https:\/\/api.w.org\/{rel}","templated":true}]}}