{"id":4618,"date":"2024-08-06T17:48:01","date_gmt":"2024-08-06T15:48:01","guid":{"rendered":"https:\/\/lieutenantpoilu.com\/militaria\/sin%20categor\u00eda\/medalla-francesa-de-la-campana-de-china-de-1860\/"},"modified":"2024-08-07T11:01:16","modified_gmt":"2024-08-07T09:01:16","slug":"medalla-francesa-de-la-campana-de-china-de-1860","status":"publish","type":"product","link":"https:\/\/lieutenantpoilu.com\/es\/militaria\/francia\/medalla-francesa-de-la-campana-de-china-de-1860\/","title":{"rendered":"Medalla francesa de la Campa\u00f1a de China de 1860"},"content":{"rendered":"","protected":false},"excerpt":{"rendered":"<p>Medalla conmemorativa de la expedici\u00f3n a China de 1860, firmada por D\u00e9sir\u00e9-Albert Barre en plata (presencia del cu\u00f1o). En el anverso, la efigie de Napole\u00f3n III, Emperador, est\u00e1 enmarcada por una corona de laurel.<\/p>\n<p>En el reverso de la medalla figuran los nombres de las batallas \u00abTA-KOU, CHANG-KIA-WAN, PA-LI-KIAO, PE-KING\u00bb y la inscripci\u00f3n \u00abExp\u00e9dition De Chine 1860\u00bb.<\/p>\n<p>La cinta de seda amarilla est\u00e1 adornada con los ideogramas \u4eac\u5317 (Pek\u00edn) bordados en hilos de seda azul.<\/p>\n<p>Esta medalla fue creada en 1861 bajo el Segundo Imperio. Cerca de 8.000 soldados recibieron esta medalla con diploma.<\/p>\n<p><strong>Di\u00e1metro de la medalla<\/strong>: 3.09 cm<\/p>\n<p><strong>Ancho de la cinta<\/strong>: 3.6 cm<\/p>\n<p><strong>Periodo<\/strong>: Segundo Imperio franc\u00e9s<\/p>\n","protected":false},"featured_media":4608,"comment_status":"open","ping_status":"closed","template":"","meta":{"_uf_show_specific_survey":0,"_uf_disable_surveys":false,"ocean_post_layout":"","ocean_both_sidebars_style":"","ocean_both_sidebars_content_width":0,"ocean_both_sidebars_sidebars_width":0,"ocean_sidebar":"0","ocean_second_sidebar":"0","ocean_disable_margins":"enable","ocean_add_body_class":"","ocean_shortcode_before_top_bar":"","ocean_shortcode_after_top_bar":"","ocean_shortcode_before_header":"","ocean_shortcode_after_header":"","ocean_has_shortcode":"","ocean_shortcode_after_title":"","ocean_shortcode_before_footer_widgets":"","ocean_shortcode_after_footer_widgets":"","ocean_shortcode_before_footer_bottom":"","ocean_shortcode_after_footer_bottom":"","ocean_display_top_bar":"default","ocean_display_header":"default","ocean_header_style":"","ocean_center_header_left_menu":"0","ocean_custom_header_template":"0","ocean_custom_logo":0,"ocean_custom_retina_logo":0,"ocean_custom_logo_max_width":0,"ocean_custom_logo_tablet_max_width":0,"ocean_custom_logo_mobile_max_width":0,"ocean_custom_logo_max_height":0,"ocean_custom_logo_tablet_max_height":0,"ocean_custom_logo_mobile_max_height":0,"ocean_header_custom_menu":"0","ocean_menu_typo_font_family":"0","ocean_menu_typo_font_subset":"","ocean_menu_typo_font_size":0,"ocean_menu_typo_font_size_tablet":0,"ocean_menu_typo_font_size_mobile":0,"ocean_menu_typo_font_size_unit":"px","ocean_menu_typo_font_weight":"","ocean_menu_typo_font_weight_tablet":"","ocean_menu_typo_font_weight_mobile":"","ocean_menu_typo_transform":"","ocean_menu_typo_transform_tablet":"","ocean_menu_typo_transform_mobile":"","ocean_menu_typo_line_height":0,"ocean_menu_typo_line_height_tablet":0,"ocean_menu_typo_line_height_mobile":0,"ocean_menu_typo_line_height_unit":"","ocean_menu_typo_spacing":0,"ocean_menu_typo_spacing_tablet":0,"ocean_menu_typo_spacing_mobile":0,"ocean_menu_typo_spacing_unit":"","ocean_menu_link_color":"","ocean_menu_link_color_hover":"","ocean_menu_link_color_active":"","ocean_menu_link_background":"","ocean_menu_link_hover_background":"","ocean_menu_link_active_background":"","ocean_menu_social_links_bg":"","ocean_menu_social_hover_links_bg":"","ocean_menu_social_links_color":"","ocean_menu_social_hover_links_color":"","ocean_disable_title":"default","ocean_disable_heading":"default","ocean_post_title":"","ocean_post_subheading":"","ocean_post_title_style":"","ocean_post_title_background_color":"","ocean_post_title_background":0,"ocean_post_title_bg_image_position":"","ocean_post_title_bg_image_attachment":"","ocean_post_title_bg_image_repeat":"","ocean_post_title_bg_image_size":"","ocean_post_title_height":0,"ocean_post_title_bg_overlay":0.5,"ocean_post_title_bg_overlay_color":"","ocean_disable_breadcrumbs":"default","ocean_breadcrumbs_color":"","ocean_breadcrumbs_separator_color":"","ocean_breadcrumbs_links_color":"","ocean_breadcrumbs_links_hover_color":"","ocean_display_footer_widgets":"default","ocean_display_footer_bottom":"default","ocean_custom_footer_template":"0"},"product_brand":[],"product_cat":[274,339,260],"product_tag":[],"class_list":{"0":"post-4618","1":"product","2":"type-product","3":"status-publish","4":"has-post-thumbnail","6":"product_cat-francia","7":"product_cat-medallas-y-condecoraciones","8":"product_cat-otras-epocas","10":"entry","11":"has-media","13":"first","14":"outofstock","15":"shipping-taxable","16":"product-type-simple","17":"has-product-nav","18":"col","19":"span_1_of_4","20":"owp-content-center","21":"item-entry","22":"owp-thumbs-layout-horizontal","23":"owp-btn-very-big","24":"owp-tabs-layout-horizontal"},"aioseo_notices":[],"_links":{"self":[{"href":"https:\/\/lieutenantpoilu.com\/es\/wp-json\/wp\/v2\/product\/4618","targetHints":{"allow":["GET"]}}],"collection":[{"href":"https:\/\/lieutenantpoilu.com\/es\/wp-json\/wp\/v2\/product"}],"about":[{"href":"https:\/\/lieutenantpoilu.com\/es\/wp-json\/wp\/v2\/types\/product"}],"replies":[{"embeddable":true,"href":"https:\/\/lieutenantpoilu.com\/es\/wp-json\/wp\/v2\/comments?post=4618"}],"wp:featuredmedia":[{"embeddable":true,"href":"https:\/\/lieutenantpoilu.com\/es\/wp-json\/wp\/v2\/media\/4608"}],"wp:attachment":[{"href":"https:\/\/lieutenantpoilu.com\/es\/wp-json\/wp\/v2\/media?parent=4618"}],"wp:term":[{"taxonomy":"product_brand","embeddable":true,"href":"https:\/\/lieutenantpoilu.com\/es\/wp-json\/wp\/v2\/product_brand?post=4618"},{"taxonomy":"product_cat","embeddable":true,"href":"https:\/\/lieutenantpoilu.com\/es\/wp-json\/wp\/v2\/product_cat?post=4618"},{"taxonomy":"product_tag","embeddable":true,"href":"https:\/\/lieutenantpoilu.com\/es\/wp-json\/wp\/v2\/product_tag?post=4618"}],"curies":[{"name":"wp","href":"https:\/\/api.w.org\/{rel}","templated":true}]}}