{"id":12442,"date":"2026-04-16T17:19:14","date_gmt":"2026-04-16T15:19:14","guid":{"rendered":"https:\/\/lieutenantpoilu.com\/militaria\/sin%20categor\u00eda\/chechia-para-zuavos-y-tiraileros-ww1-ww2\/"},"modified":"2026-04-16T17:31:56","modified_gmt":"2026-04-16T15:31:56","slug":"chechia-para-zuavos-y-tiraileros-ww1-ww2","status":"publish","type":"product","link":"https:\/\/lieutenantpoilu.com\/es\/militaria\/cascos-sombreros-y-gorras\/chechia-para-zuavos-y-tiraileros-ww1-ww2\/","title":{"rendered":"Chech\u00eda Francesa para Zuavos y Tirailleurs, WWI \/ WWII"},"content":{"rendered":"","protected":false},"excerpt":{"rendered":"<p data-start=\"463\" data-end=\"778\">Chech\u00eda \/ fez para tropas de \u00c1frica (Zouaves y Tirailleurs), \u00e9poca de la Tercera Rep\u00fablica.<\/p>\n<p data-start=\"463\" data-end=\"778\">Fabricada en lana afieltrada de color carmes\u00ed, la chech\u00eda presenta algunos da\u00f1os de polilla, aunque conserva una muy buena apariencia general.<\/p>\n<p data-start=\"463\" data-end=\"778\"><strong>Altura de la banda:<\/strong> 15 cm<\/p>\n<p data-start=\"463\" data-end=\"778\"><strong>Altura desplegada:<\/strong> 22 cm<\/p>\n<p data-start=\"463\" data-end=\"778\"><strong>Estado:<\/strong> buen estado general<\/p>\n<p data-start=\"86\" data-end=\"355\"><img fetchpriority=\"high\" decoding=\"async\" class=\"aligncenter wp-image-12438 size-full\" src=\"https:\/\/lieutenantpoilu.com\/wp-content\/uploads\/2026\/04\/zouaves.jpg\" alt=\"\" width=\"1280\" height=\"896\" srcset=\"https:\/\/lieutenantpoilu.com\/wp-content\/uploads\/2026\/04\/zouaves.jpg 1280w, https:\/\/lieutenantpoilu.com\/wp-content\/uploads\/2026\/04\/zouaves-300x210.jpg 300w, https:\/\/lieutenantpoilu.com\/wp-content\/uploads\/2026\/04\/zouaves-1024x717.jpg 1024w, https:\/\/lieutenantpoilu.com\/wp-content\/uploads\/2026\/04\/zouaves-768x538.jpg 768w, https:\/\/lieutenantpoilu.com\/wp-content\/uploads\/2026\/04\/zouaves-600x420.jpg 600w\" sizes=\"(max-width: 1280px) 100vw, 1280px\" \/><\/p>\n","protected":false},"featured_media":12422,"comment_status":"open","ping_status":"closed","template":"","meta":{"_uf_show_specific_survey":0,"_uf_disable_surveys":false,"ocean_post_layout":"","ocean_both_sidebars_style":"","ocean_both_sidebars_content_width":0,"ocean_both_sidebars_sidebars_width":0,"ocean_sidebar":"0","ocean_second_sidebar":"0","ocean_disable_margins":"enable","ocean_add_body_class":"","ocean_shortcode_before_top_bar":"","ocean_shortcode_after_top_bar":"","ocean_shortcode_before_header":"","ocean_shortcode_after_header":"","ocean_has_shortcode":"","ocean_shortcode_after_title":"","ocean_shortcode_before_footer_widgets":"","ocean_shortcode_after_footer_widgets":"","ocean_shortcode_before_footer_bottom":"","ocean_shortcode_after_footer_bottom":"","ocean_display_top_bar":"default","ocean_display_header":"default","ocean_header_style":"","ocean_center_header_left_menu":"0","ocean_custom_header_template":"0","ocean_custom_logo":0,"ocean_custom_retina_logo":0,"ocean_custom_logo_max_width":0,"ocean_custom_logo_tablet_max_width":0,"ocean_custom_logo_mobile_max_width":0,"ocean_custom_logo_max_height":0,"ocean_custom_logo_tablet_max_height":0,"ocean_custom_logo_mobile_max_height":0,"ocean_header_custom_menu":"0","ocean_menu_typo_font_family":"0","ocean_menu_typo_font_subset":"","ocean_menu_typo_font_size":0,"ocean_menu_typo_font_size_tablet":0,"ocean_menu_typo_font_size_mobile":0,"ocean_menu_typo_font_size_unit":"px","ocean_menu_typo_font_weight":"","ocean_menu_typo_font_weight_tablet":"","ocean_menu_typo_font_weight_mobile":"","ocean_menu_typo_transform":"","ocean_menu_typo_transform_tablet":"","ocean_menu_typo_transform_mobile":"","ocean_menu_typo_line_height":0,"ocean_menu_typo_line_height_tablet":0,"ocean_menu_typo_line_height_mobile":0,"ocean_menu_typo_line_height_unit":"","ocean_menu_typo_spacing":0,"ocean_menu_typo_spacing_tablet":0,"ocean_menu_typo_spacing_mobile":0,"ocean_menu_typo_spacing_unit":"","ocean_menu_link_color":"","ocean_menu_link_color_hover":"","ocean_menu_link_color_active":"","ocean_menu_link_background":"","ocean_menu_link_hover_background":"","ocean_menu_link_active_background":"","ocean_menu_social_links_bg":"","ocean_menu_social_hover_links_bg":"","ocean_menu_social_links_color":"","ocean_menu_social_hover_links_color":"","ocean_disable_title":"default","ocean_disable_heading":"default","ocean_post_title":"","ocean_post_subheading":"","ocean_post_title_style":"","ocean_post_title_background_color":"","ocean_post_title_background":0,"ocean_post_title_bg_image_position":"","ocean_post_title_bg_image_attachment":"","ocean_post_title_bg_image_repeat":"","ocean_post_title_bg_image_size":"","ocean_post_title_height":0,"ocean_post_title_bg_overlay":0.5,"ocean_post_title_bg_overlay_color":"","ocean_disable_breadcrumbs":"default","ocean_breadcrumbs_color":"","ocean_breadcrumbs_separator_color":"","ocean_breadcrumbs_links_color":"","ocean_breadcrumbs_links_hover_color":"","ocean_display_footer_widgets":"default","ocean_display_footer_bottom":"default","ocean_custom_footer_template":"0"},"product_brand":[],"product_cat":[323,274,356,232,226],"product_tag":[],"class_list":{"0":"post-12442","1":"product","2":"type-product","3":"status-publish","4":"has-post-thumbnail","6":"product_cat-cascos-sombreros-y-gorras","7":"product_cat-francia","8":"product_cat-nuevos-articulos","9":"product_cat-primera-guerra-mundial","10":"product_cat-segunda-guerra-mundial","11":"product_shipping_class-paquete-ligero","13":"entry","14":"has-media","16":"first","17":"instock","18":"sold-individually","19":"shipping-taxable","20":"purchasable","21":"product-type-simple","22":"has-product-nav","23":"col","24":"span_1_of_4","25":"owp-content-center","26":"item-entry","27":"owp-thumbs-layout-horizontal","28":"owp-btn-very-big","29":"owp-tabs-layout-horizontal"},"aioseo_notices":[],"_links":{"self":[{"href":"https:\/\/lieutenantpoilu.com\/es\/wp-json\/wp\/v2\/product\/12442","targetHints":{"allow":["GET"]}}],"collection":[{"href":"https:\/\/lieutenantpoilu.com\/es\/wp-json\/wp\/v2\/product"}],"about":[{"href":"https:\/\/lieutenantpoilu.com\/es\/wp-json\/wp\/v2\/types\/product"}],"replies":[{"embeddable":true,"href":"https:\/\/lieutenantpoilu.com\/es\/wp-json\/wp\/v2\/comments?post=12442"}],"wp:featuredmedia":[{"embeddable":true,"href":"https:\/\/lieutenantpoilu.com\/es\/wp-json\/wp\/v2\/media\/12422"}],"wp:attachment":[{"href":"https:\/\/lieutenantpoilu.com\/es\/wp-json\/wp\/v2\/media?parent=12442"}],"wp:term":[{"taxonomy":"product_brand","embeddable":true,"href":"https:\/\/lieutenantpoilu.com\/es\/wp-json\/wp\/v2\/product_brand?post=12442"},{"taxonomy":"product_cat","embeddable":true,"href":"https:\/\/lieutenantpoilu.com\/es\/wp-json\/wp\/v2\/product_cat?post=12442"},{"taxonomy":"product_tag","embeddable":true,"href":"https:\/\/lieutenantpoilu.com\/es\/wp-json\/wp\/v2\/product_tag?post=12442"}],"curies":[{"name":"wp","href":"https:\/\/api.w.org\/{rel}","templated":true}]}}