{"id":11615,"date":"2026-02-17T22:43:51","date_gmt":"2026-02-17T21:43:51","guid":{"rendered":"https:\/\/lieutenantpoilu.com\/militaria\/sin%20categor\u00eda\/patente-sobre-vitela-del-medallon-u-orden-de-las-dos-espadas-firma-de-louis-le-begue-du-portail-antiguo-consejero-tactico-de-george-washington\/"},"modified":"2026-02-17T22:58:02","modified_gmt":"2026-02-17T21:58:02","slug":"patente-sobre-vitela-del-medallon-u-orden-de-las-dos-espadas-firma-de-louis-le-begue-du-portail-antiguo-consejero-tactico-de-george-washington","status":"publish","type":"product","link":"https:\/\/lieutenantpoilu.com\/es\/militaria\/antes-del-siglo-19\/patente-sobre-vitela-del-medallon-u-orden-de-las-dos-espadas-firma-de-louis-le-begue-du-portail-antiguo-consejero-tactico-de-george-washington\/","title":{"rendered":"Brevet Franc\u00e9s en Vitela del Medall\u00f3n u Orden de las Dos Espadas, con la Firma Estampada de Louis Le B\u00e8gue Du Portail, Antiguo Consejero T\u00e1ctico de George Washington"},"content":{"rendered":"","protected":false},"excerpt":{"rendered":"<p>Brevet conocido como \u00abbrevet de veteran\u00eda\u00bb, otorgado al suboficial inv\u00e1lido Michel MAIROL por 52 a\u00f1os de servicio.<\/p>\n<p>Expedido en el H\u00f4tel Real de los Inv\u00e1lidos el 26 de julio de 1791.<\/p>\n<p>En la parte superior izquierda figura un medall\u00f3n oval con dos espadas cruzadas.<\/p>\n<p>El documento lleva la firma estampada de Louis Duportail, creador y comandante del Cuerpo de Ingenieros del ej\u00e9rcito estadounidense.<\/p>\n<p>Antes de la llegada de Lafayette a Am\u00e9rica, Duportail ya se hab\u00eda comprometido con la causa insurgente. Nombrado coronel de ingenieros en julio de 1777, pronto se convirti\u00f3 en consejero de confianza de George Washington. Excelente ingeniero durante la campa\u00f1a de Pensilvania, destac\u00f3 especialmente por sus cualidades estrat\u00e9gicas en los consejos de guerra. Washington sigui\u00f3 sus recomendaciones y le confi\u00f3 un papel clave en la coordinaci\u00f3n de las operaciones conjuntas con Rochambeau y De Grasse, que condujeron a la victoria decisiva de Yorktown.<\/p>\n<p>De regreso a Francia en 1783, fue nombrado Ministro de la Guerra en 1790.<\/p>\n<p><strong>Dimensiones:<\/strong> 34,5 cm \u00d7 28 cm<\/p>\n<p><strong>Estado:<\/strong> Estado de conservaci\u00f3n bastante bueno, con p\u00e1tina propia del tiempo.<\/p>\n<p>&nbsp;<\/p>\n<figure id=\"attachment_11595\" aria-describedby=\"caption-attachment-11595\" style=\"width: 432px\" class=\"wp-caption aligncenter\"><img fetchpriority=\"high\" decoding=\"async\" class=\"wp-image-11595 size-full\" src=\"https:\/\/lieutenantpoilu.com\/wp-content\/uploads\/2026\/02\/Louis-Lebegue-Du-Portail.jpg\" alt=\"\" width=\"432\" height=\"528\" srcset=\"https:\/\/lieutenantpoilu.com\/wp-content\/uploads\/2026\/02\/Louis-Lebegue-Du-Portail.jpg 432w, https:\/\/lieutenantpoilu.com\/wp-content\/uploads\/2026\/02\/Louis-Lebegue-Du-Portail-245x300.jpg 245w\" sizes=\"(max-width: 432px) 100vw, 432px\" \/><figcaption id=\"caption-attachment-11595\" class=\"wp-caption-text\">Louis Le B\u00e8gue Du Portail<\/figcaption><\/figure>\n","protected":false},"featured_media":11600,"comment_status":"open","ping_status":"closed","template":"","meta":{"_monsterinsights_skip_tracking":false,"_monsterinsights_sitenote_active":false,"_monsterinsights_sitenote_note":"","_monsterinsights_sitenote_category":0,"_uf_show_specific_survey":0,"_uf_disable_surveys":false,"ocean_post_layout":"","ocean_both_sidebars_style":"","ocean_both_sidebars_content_width":0,"ocean_both_sidebars_sidebars_width":0,"ocean_sidebar":"0","ocean_second_sidebar":"0","ocean_disable_margins":"enable","ocean_add_body_class":"","ocean_shortcode_before_top_bar":"","ocean_shortcode_after_top_bar":"","ocean_shortcode_before_header":"","ocean_shortcode_after_header":"","ocean_has_shortcode":"","ocean_shortcode_after_title":"","ocean_shortcode_before_footer_widgets":"","ocean_shortcode_after_footer_widgets":"","ocean_shortcode_before_footer_bottom":"","ocean_shortcode_after_footer_bottom":"","ocean_display_top_bar":"default","ocean_display_header":"default","ocean_header_style":"","ocean_center_header_left_menu":"0","ocean_custom_header_template":"0","ocean_custom_logo":0,"ocean_custom_retina_logo":0,"ocean_custom_logo_max_width":0,"ocean_custom_logo_tablet_max_width":0,"ocean_custom_logo_mobile_max_width":0,"ocean_custom_logo_max_height":0,"ocean_custom_logo_tablet_max_height":0,"ocean_custom_logo_mobile_max_height":0,"ocean_header_custom_menu":"0","ocean_menu_typo_font_family":"0","ocean_menu_typo_font_subset":"","ocean_menu_typo_font_size":0,"ocean_menu_typo_font_size_tablet":0,"ocean_menu_typo_font_size_mobile":0,"ocean_menu_typo_font_size_unit":"px","ocean_menu_typo_font_weight":"","ocean_menu_typo_font_weight_tablet":"","ocean_menu_typo_font_weight_mobile":"","ocean_menu_typo_transform":"","ocean_menu_typo_transform_tablet":"","ocean_menu_typo_transform_mobile":"","ocean_menu_typo_line_height":0,"ocean_menu_typo_line_height_tablet":0,"ocean_menu_typo_line_height_mobile":0,"ocean_menu_typo_line_height_unit":"","ocean_menu_typo_spacing":0,"ocean_menu_typo_spacing_tablet":0,"ocean_menu_typo_spacing_mobile":0,"ocean_menu_typo_spacing_unit":"","ocean_menu_link_color":"","ocean_menu_link_color_hover":"","ocean_menu_link_color_active":"","ocean_menu_link_background":"","ocean_menu_link_hover_background":"","ocean_menu_link_active_background":"","ocean_menu_social_links_bg":"","ocean_menu_social_hover_links_bg":"","ocean_menu_social_links_color":"","ocean_menu_social_hover_links_color":"","ocean_disable_title":"default","ocean_disable_heading":"default","ocean_post_title":"","ocean_post_subheading":"","ocean_post_title_style":"","ocean_post_title_background_color":"","ocean_post_title_background":0,"ocean_post_title_bg_image_position":"","ocean_post_title_bg_image_attachment":"","ocean_post_title_bg_image_repeat":"","ocean_post_title_bg_image_size":"","ocean_post_title_height":0,"ocean_post_title_bg_overlay":0.5,"ocean_post_title_bg_overlay_color":"","ocean_disable_breadcrumbs":"default","ocean_breadcrumbs_color":"","ocean_breadcrumbs_separator_color":"","ocean_breadcrumbs_links_color":"","ocean_breadcrumbs_links_hover_color":"","ocean_display_footer_widgets":"default","ocean_display_footer_bottom":"default","ocean_custom_footer_template":"0"},"product_brand":[],"product_cat":[250,274,339,356,347],"product_tag":[],"class_list":{"0":"post-11615","1":"product","2":"type-product","3":"status-publish","4":"has-post-thumbnail","6":"product_cat-antes-del-siglo-19","7":"product_cat-francia","8":"product_cat-medallas-y-condecoraciones","9":"product_cat-nuevos-articulos","10":"product_cat-otros-articulos-militares","11":"product_shipping_class-paquete-ligero","13":"entry","14":"has-media","16":"first","17":"instock","18":"sold-individually","19":"shipping-taxable","20":"purchasable","21":"product-type-simple","22":"has-product-nav","23":"col","24":"span_1_of_4","25":"owp-content-center","26":"item-entry","27":"owp-thumbs-layout-horizontal","28":"owp-btn-very-big","29":"owp-tabs-layout-horizontal"},"aioseo_notices":[],"_links":{"self":[{"href":"https:\/\/lieutenantpoilu.com\/es\/wp-json\/wp\/v2\/product\/11615","targetHints":{"allow":["GET"]}}],"collection":[{"href":"https:\/\/lieutenantpoilu.com\/es\/wp-json\/wp\/v2\/product"}],"about":[{"href":"https:\/\/lieutenantpoilu.com\/es\/wp-json\/wp\/v2\/types\/product"}],"replies":[{"embeddable":true,"href":"https:\/\/lieutenantpoilu.com\/es\/wp-json\/wp\/v2\/comments?post=11615"}],"wp:featuredmedia":[{"embeddable":true,"href":"https:\/\/lieutenantpoilu.com\/es\/wp-json\/wp\/v2\/media\/11600"}],"wp:attachment":[{"href":"https:\/\/lieutenantpoilu.com\/es\/wp-json\/wp\/v2\/media?parent=11615"}],"wp:term":[{"taxonomy":"product_brand","embeddable":true,"href":"https:\/\/lieutenantpoilu.com\/es\/wp-json\/wp\/v2\/product_brand?post=11615"},{"taxonomy":"product_cat","embeddable":true,"href":"https:\/\/lieutenantpoilu.com\/es\/wp-json\/wp\/v2\/product_cat?post=11615"},{"taxonomy":"product_tag","embeddable":true,"href":"https:\/\/lieutenantpoilu.com\/es\/wp-json\/wp\/v2\/product_tag?post=11615"}],"curies":[{"name":"wp","href":"https:\/\/api.w.org\/{rel}","templated":true}]}}