{"id":11592,"date":"2026-02-12T22:55:24","date_gmt":"2026-02-12T21:55:24","guid":{"rendered":"https:\/\/lieutenantpoilu.com\/militaria\/sin%20categor\u00eda\/banderin-de-trompeta-2o-batallon-regimiento-de-south-staffordshire\/"},"modified":"2026-02-12T23:11:37","modified_gmt":"2026-02-12T22:11:37","slug":"banderin-de-trompeta-2o-batallon-regimiento-de-south-staffordshire","status":"publish","type":"product","link":"https:\/\/lieutenantpoilu.com\/es\/militaria\/nuevos-articulos\/banderin-de-trompeta-2o-batallon-regimiento-de-south-staffordshire\/","title":{"rendered":"Gallardete de Corneta, 2nd Battalion, The South Staffordshire Regiment"},"content":{"rendered":"","protected":false},"excerpt":{"rendered":"<p>Gallardete de terciopelo verde del South Staffordshire Regiment, destinado a la corneta (Cornet).<\/p>\n<p>Presenta la corona, el nudo regimental y el nombre del regimiento bordados en hilo de canutillo de color.<\/p>\n<p>El gallardete est\u00e1 ribeteado con flecos en un lado (con varias p\u00e9rdidas) y cuenta con cuatro anillas de fijaci\u00f3n.<\/p>\n<p>Marcaje en el reverso: \u00ab2nd Bn Cornet\u00bb.<\/p>\n<p><strong>Estado:<\/strong> Bastante bueno, con desgaste propio del paso del tiempo.<\/p>\n<p>El South Staffordshire Regiment existi\u00f3 solamente 68 a\u00f1os, de 1881 a 1959.<\/p>\n<p>El 2.\u00ba Batall\u00f3n fue una de las primeras unidades brit\u00e1nicas en desembarcar en Francia en 1914 como parte del British Expeditionary Force. Combati\u00f3 en el frente occidental durante toda la Primera Guerra Mundial y obtuvo veintiocho honores de batalla.<\/p>\n<p>A partir de noviembre de 1941 fue convertido en unidad de infanter\u00eda aerotransportada en planeadores, integrada en la 1st Airlanding Brigade de la 1st Airborne Division. El batall\u00f3n particip\u00f3 especialmente en la operaci\u00f3n Market Garden y desempe\u00f1\u00f3 un papel importante en la batalla de Arnhem (17\u201325 de septiembre de 1944).<\/p>\n<p>&nbsp;<\/p>\n<p><img fetchpriority=\"high\" decoding=\"async\" class=\"aligncenter wp-image-11570 size-full\" src=\"https:\/\/lieutenantpoilu.com\/wp-content\/uploads\/2026\/02\/images.jpg\" alt=\"\" width=\"300\" height=\"168\" \/><\/p>\n","protected":false},"featured_media":11575,"comment_status":"open","ping_status":"closed","template":"","meta":{"_uf_show_specific_survey":0,"_uf_disable_surveys":false,"ocean_post_layout":"","ocean_both_sidebars_style":"","ocean_both_sidebars_content_width":0,"ocean_both_sidebars_sidebars_width":0,"ocean_sidebar":"0","ocean_second_sidebar":"0","ocean_disable_margins":"enable","ocean_add_body_class":"","ocean_shortcode_before_top_bar":"","ocean_shortcode_after_top_bar":"","ocean_shortcode_before_header":"","ocean_shortcode_after_header":"","ocean_has_shortcode":"","ocean_shortcode_after_title":"","ocean_shortcode_before_footer_widgets":"","ocean_shortcode_after_footer_widgets":"","ocean_shortcode_before_footer_bottom":"","ocean_shortcode_after_footer_bottom":"","ocean_display_top_bar":"default","ocean_display_header":"default","ocean_header_style":"","ocean_center_header_left_menu":"0","ocean_custom_header_template":"0","ocean_custom_logo":0,"ocean_custom_retina_logo":0,"ocean_custom_logo_max_width":0,"ocean_custom_logo_tablet_max_width":0,"ocean_custom_logo_mobile_max_width":0,"ocean_custom_logo_max_height":0,"ocean_custom_logo_tablet_max_height":0,"ocean_custom_logo_mobile_max_height":0,"ocean_header_custom_menu":"0","ocean_menu_typo_font_family":"0","ocean_menu_typo_font_subset":"","ocean_menu_typo_font_size":0,"ocean_menu_typo_font_size_tablet":0,"ocean_menu_typo_font_size_mobile":0,"ocean_menu_typo_font_size_unit":"px","ocean_menu_typo_font_weight":"","ocean_menu_typo_font_weight_tablet":"","ocean_menu_typo_font_weight_mobile":"","ocean_menu_typo_transform":"","ocean_menu_typo_transform_tablet":"","ocean_menu_typo_transform_mobile":"","ocean_menu_typo_line_height":0,"ocean_menu_typo_line_height_tablet":0,"ocean_menu_typo_line_height_mobile":0,"ocean_menu_typo_line_height_unit":"","ocean_menu_typo_spacing":0,"ocean_menu_typo_spacing_tablet":0,"ocean_menu_typo_spacing_mobile":0,"ocean_menu_typo_spacing_unit":"","ocean_menu_link_color":"","ocean_menu_link_color_hover":"","ocean_menu_link_color_active":"","ocean_menu_link_background":"","ocean_menu_link_hover_background":"","ocean_menu_link_active_background":"","ocean_menu_social_links_bg":"","ocean_menu_social_hover_links_bg":"","ocean_menu_social_links_color":"","ocean_menu_social_hover_links_color":"","ocean_disable_title":"default","ocean_disable_heading":"default","ocean_post_title":"","ocean_post_subheading":"","ocean_post_title_style":"","ocean_post_title_background_color":"","ocean_post_title_background":0,"ocean_post_title_bg_image_position":"","ocean_post_title_bg_image_attachment":"","ocean_post_title_bg_image_repeat":"","ocean_post_title_bg_image_size":"","ocean_post_title_height":0,"ocean_post_title_bg_overlay":0.5,"ocean_post_title_bg_overlay_color":"","ocean_disable_breadcrumbs":"default","ocean_breadcrumbs_color":"","ocean_breadcrumbs_separator_color":"","ocean_breadcrumbs_links_color":"","ocean_breadcrumbs_links_hover_color":"","ocean_display_footer_widgets":"default","ocean_display_footer_bottom":"default","ocean_custom_footer_template":"0"},"product_brand":[],"product_cat":[356,347,232,290,226],"product_tag":[],"class_list":{"0":"post-11592","1":"product","2":"type-product","3":"status-publish","4":"has-post-thumbnail","6":"product_cat-nuevos-articulos","7":"product_cat-otros-articulos-militares","8":"product_cat-primera-guerra-mundial","9":"product_cat-reino-unido","10":"product_cat-segunda-guerra-mundial","11":"product_shipping_class-paquete-estandar","13":"entry","14":"has-media","16":"first","17":"instock","18":"sold-individually","19":"shipping-taxable","20":"purchasable","21":"product-type-simple","22":"has-product-nav","23":"col","24":"span_1_of_4","25":"owp-content-center","26":"item-entry","27":"owp-thumbs-layout-horizontal","28":"owp-btn-very-big","29":"owp-tabs-layout-horizontal"},"aioseo_notices":[],"_links":{"self":[{"href":"https:\/\/lieutenantpoilu.com\/es\/wp-json\/wp\/v2\/product\/11592","targetHints":{"allow":["GET"]}}],"collection":[{"href":"https:\/\/lieutenantpoilu.com\/es\/wp-json\/wp\/v2\/product"}],"about":[{"href":"https:\/\/lieutenantpoilu.com\/es\/wp-json\/wp\/v2\/types\/product"}],"replies":[{"embeddable":true,"href":"https:\/\/lieutenantpoilu.com\/es\/wp-json\/wp\/v2\/comments?post=11592"}],"wp:featuredmedia":[{"embeddable":true,"href":"https:\/\/lieutenantpoilu.com\/es\/wp-json\/wp\/v2\/media\/11575"}],"wp:attachment":[{"href":"https:\/\/lieutenantpoilu.com\/es\/wp-json\/wp\/v2\/media?parent=11592"}],"wp:term":[{"taxonomy":"product_brand","embeddable":true,"href":"https:\/\/lieutenantpoilu.com\/es\/wp-json\/wp\/v2\/product_brand?post=11592"},{"taxonomy":"product_cat","embeddable":true,"href":"https:\/\/lieutenantpoilu.com\/es\/wp-json\/wp\/v2\/product_cat?post=11592"},{"taxonomy":"product_tag","embeddable":true,"href":"https:\/\/lieutenantpoilu.com\/es\/wp-json\/wp\/v2\/product_tag?post=11592"}],"curies":[{"name":"wp","href":"https:\/\/api.w.org\/{rel}","templated":true}]}}