{"id":11208,"date":"2026-01-12T18:11:41","date_gmt":"2026-01-12T17:11:41","guid":{"rendered":"https:\/\/lieutenantpoilu.com\/militaria\/sin%20categor\u00eda\/medalla-conmemorativa-japonesa-por-el-incidente-fronterizo-de-manchukuo-batalla-de-khalkhin-gol\/"},"modified":"2026-01-12T18:26:29","modified_gmt":"2026-01-12T17:26:29","slug":"medalla-conmemorativa-japonesa-por-el-incidente-fronterizo-de-manchukuo-batalla-de-khalkhin-gol","status":"publish","type":"product","link":"https:\/\/lieutenantpoilu.com\/es\/militaria\/japon\/medalla-conmemorativa-japonesa-por-el-incidente-fronterizo-de-manchukuo-batalla-de-khalkhin-gol\/","title":{"rendered":"Medalla Conmemorativa Japonesa del Incidente de La Frontera del Mandchukuo \/ batalla de Khalkhin Gol"},"content":{"rendered":"","protected":false},"excerpt":{"rendered":"<p>Medalla fabricada en bronce, rematada por un pasador con la inscripci\u00f3n <em>\u00ab Medalla de Guerra \u00bb<\/em>.<\/p>\n<p>El anverso presenta, en su parte superior, el emblema floral de la orqu\u00eddea. En el centro aparece una paloma con las alas desplegadas, sobre una representaci\u00f3n parcial del globo que muestra Asia, con nubes y rayos de sol al fondo.<\/p>\n<p>El reverso lleva la inscripci\u00f3n \u00ab Incidente de la Frontera \u00bb.<\/p>\n<p>Esta medalla fue instituida en 1940 y conmemora el incidente de Nomonhan (11 de mayo \u2013 16 de septiembre de 1939), enfrentamiento ocurrido en Manchuria entre las fuerzas de Mandchukuo y Jap\u00f3n y la Uni\u00f3n Sovi\u00e9tica.<\/p>\n<p><strong>Di\u00e1metro:<\/strong> 30 mm<\/p>\n<p><strong>Estado:<\/strong> buen estado, desgaste de la cinta<\/p>\n<p><strong data-start=\"737\" data-end=\"769\">Opci\u00f3n de env\u00edo alternativa:<\/strong><br data-start=\"769\" data-end=\"772\" \/>La medalla puede enviarse en sobre acolchado con seguimiento.<br data-start=\"833\" data-end=\"836\" \/>Costo de env\u00edo dentro de Francia:\u00a0<strong data-start=\"871\" data-end=\"881\">3,60 \u20ac<\/strong><br data-start=\"881\" data-end=\"884\" \/>Costo de env\u00edo internacional:\u00a0<strong data-start=\"915\" data-end=\"925\">7,65 \u20ac<\/strong><br data-start=\"925\" data-end=\"928\" \/>Por favor, cont\u00e1ctenos por mensaje si desea optar por esta modalidad de env\u00edo.<\/p>\n<p>&nbsp;<\/p>\n<p><img fetchpriority=\"high\" decoding=\"async\" class=\"aligncenter wp-image-11189 size-full\" src=\"https:\/\/lieutenantpoilu.com\/wp-content\/uploads\/2026\/01\/Japanese-Manchukuo-Border-Incident-War-Medal-Khalkhin-Gol-battle.webp\" alt=\"\" width=\"736\" height=\"566\" srcset=\"https:\/\/lieutenantpoilu.com\/wp-content\/uploads\/2026\/01\/Japanese-Manchukuo-Border-Incident-War-Medal-Khalkhin-Gol-battle.webp 736w, https:\/\/lieutenantpoilu.com\/wp-content\/uploads\/2026\/01\/Japanese-Manchukuo-Border-Incident-War-Medal-Khalkhin-Gol-battle-300x231.webp 300w, https:\/\/lieutenantpoilu.com\/wp-content\/uploads\/2026\/01\/Japanese-Manchukuo-Border-Incident-War-Medal-Khalkhin-Gol-battle-600x461.webp 600w\" sizes=\"(max-width: 736px) 100vw, 736px\" \/><\/p>\n","protected":false},"featured_media":11194,"comment_status":"open","ping_status":"closed","template":"","meta":{"_uf_show_specific_survey":0,"_uf_disable_surveys":false,"ocean_post_layout":"","ocean_both_sidebars_style":"","ocean_both_sidebars_content_width":0,"ocean_both_sidebars_sidebars_width":0,"ocean_sidebar":"0","ocean_second_sidebar":"0","ocean_disable_margins":"enable","ocean_add_body_class":"","ocean_shortcode_before_top_bar":"","ocean_shortcode_after_top_bar":"","ocean_shortcode_before_header":"","ocean_shortcode_after_header":"","ocean_has_shortcode":"","ocean_shortcode_after_title":"","ocean_shortcode_before_footer_widgets":"","ocean_shortcode_after_footer_widgets":"","ocean_shortcode_before_footer_bottom":"","ocean_shortcode_after_footer_bottom":"","ocean_display_top_bar":"default","ocean_display_header":"default","ocean_header_style":"","ocean_center_header_left_menu":"0","ocean_custom_header_template":"0","ocean_custom_logo":0,"ocean_custom_retina_logo":0,"ocean_custom_logo_max_width":0,"ocean_custom_logo_tablet_max_width":0,"ocean_custom_logo_mobile_max_width":0,"ocean_custom_logo_max_height":0,"ocean_custom_logo_tablet_max_height":0,"ocean_custom_logo_mobile_max_height":0,"ocean_header_custom_menu":"0","ocean_menu_typo_font_family":"0","ocean_menu_typo_font_subset":"","ocean_menu_typo_font_size":0,"ocean_menu_typo_font_size_tablet":0,"ocean_menu_typo_font_size_mobile":0,"ocean_menu_typo_font_size_unit":"px","ocean_menu_typo_font_weight":"","ocean_menu_typo_font_weight_tablet":"","ocean_menu_typo_font_weight_mobile":"","ocean_menu_typo_transform":"","ocean_menu_typo_transform_tablet":"","ocean_menu_typo_transform_mobile":"","ocean_menu_typo_line_height":0,"ocean_menu_typo_line_height_tablet":0,"ocean_menu_typo_line_height_mobile":0,"ocean_menu_typo_line_height_unit":"","ocean_menu_typo_spacing":0,"ocean_menu_typo_spacing_tablet":0,"ocean_menu_typo_spacing_mobile":0,"ocean_menu_typo_spacing_unit":"","ocean_menu_link_color":"","ocean_menu_link_color_hover":"","ocean_menu_link_color_active":"","ocean_menu_link_background":"","ocean_menu_link_hover_background":"","ocean_menu_link_active_background":"","ocean_menu_social_links_bg":"","ocean_menu_social_hover_links_bg":"","ocean_menu_social_links_color":"","ocean_menu_social_hover_links_color":"","ocean_disable_title":"default","ocean_disable_heading":"default","ocean_post_title":"","ocean_post_subheading":"","ocean_post_title_style":"","ocean_post_title_background_color":"","ocean_post_title_background":0,"ocean_post_title_bg_image_position":"","ocean_post_title_bg_image_attachment":"","ocean_post_title_bg_image_repeat":"","ocean_post_title_bg_image_size":"","ocean_post_title_height":0,"ocean_post_title_bg_overlay":0.5,"ocean_post_title_bg_overlay_color":"","ocean_disable_breadcrumbs":"default","ocean_breadcrumbs_color":"","ocean_breadcrumbs_separator_color":"","ocean_breadcrumbs_links_color":"","ocean_breadcrumbs_links_hover_color":"","ocean_display_footer_widgets":"default","ocean_display_footer_bottom":"default","ocean_custom_footer_template":"0"},"product_brand":[],"product_cat":[286,339,356,226],"product_tag":[],"class_list":{"0":"post-11208","1":"product","2":"type-product","3":"status-publish","4":"has-post-thumbnail","6":"product_cat-japon","7":"product_cat-medallas-y-condecoraciones","8":"product_cat-nuevos-articulos","9":"product_cat-segunda-guerra-mundial","10":"product_shipping_class-paquete-ligero","12":"entry","13":"has-media","15":"first","16":"instock","17":"sold-individually","18":"shipping-taxable","19":"purchasable","20":"product-type-simple","21":"has-product-nav","22":"col","23":"span_1_of_4","24":"owp-content-center","25":"item-entry","26":"owp-thumbs-layout-horizontal","27":"owp-btn-very-big","28":"owp-tabs-layout-horizontal"},"aioseo_notices":[],"_links":{"self":[{"href":"https:\/\/lieutenantpoilu.com\/es\/wp-json\/wp\/v2\/product\/11208","targetHints":{"allow":["GET"]}}],"collection":[{"href":"https:\/\/lieutenantpoilu.com\/es\/wp-json\/wp\/v2\/product"}],"about":[{"href":"https:\/\/lieutenantpoilu.com\/es\/wp-json\/wp\/v2\/types\/product"}],"replies":[{"embeddable":true,"href":"https:\/\/lieutenantpoilu.com\/es\/wp-json\/wp\/v2\/comments?post=11208"}],"wp:featuredmedia":[{"embeddable":true,"href":"https:\/\/lieutenantpoilu.com\/es\/wp-json\/wp\/v2\/media\/11194"}],"wp:attachment":[{"href":"https:\/\/lieutenantpoilu.com\/es\/wp-json\/wp\/v2\/media?parent=11208"}],"wp:term":[{"taxonomy":"product_brand","embeddable":true,"href":"https:\/\/lieutenantpoilu.com\/es\/wp-json\/wp\/v2\/product_brand?post=11208"},{"taxonomy":"product_cat","embeddable":true,"href":"https:\/\/lieutenantpoilu.com\/es\/wp-json\/wp\/v2\/product_cat?post=11208"},{"taxonomy":"product_tag","embeddable":true,"href":"https:\/\/lieutenantpoilu.com\/es\/wp-json\/wp\/v2\/product_tag?post=11208"}],"curies":[{"name":"wp","href":"https:\/\/api.w.org\/{rel}","templated":true}]}}