{"id":11170,"date":"2026-01-10T22:24:07","date_gmt":"2026-01-10T21:24:07","guid":{"rendered":"https:\/\/lieutenantpoilu.com\/militaria\/sin%20categor\u00eda\/medalla-del-2600o-aniversario-de-la-fundacion-del-imperio-de-japon\/"},"modified":"2026-01-10T22:35:08","modified_gmt":"2026-01-10T21:35:08","slug":"medalla-del-2600o-aniversario-de-la-fundacion-del-imperio-de-japon","status":"publish","type":"product","link":"https:\/\/lieutenantpoilu.com\/es\/militaria\/japon\/medalla-del-2600o-aniversario-de-la-fundacion-del-imperio-de-japon\/","title":{"rendered":"Medalla del 2600.\u00ba Aniversario de la Fundaci\u00f3n del Imperio del Jap\u00f3n"},"content":{"rendered":"","protected":false},"excerpt":{"rendered":"<p>Medalla fabricada en aleaci\u00f3n de aluminio-bronce.<\/p>\n<p>En el anverso se observa el emblema del crisantemo junto con el doble puente sagrado que conduce a los jardines interiores del Palacio Imperial de Tokio. En el fondo aparecen representaciones del santuario ancestral, el santuario imperial y el Palacio Imperial.<\/p>\n<p>El reverso presenta las siguientes inscripciones: <em>\u00abMedalla conmemorativa del 2600.\u00ba aniversario nacional\u00bb<\/em> y, debajo, <em>\u00ab15.\u00ba a\u00f1o de Sh\u014dwa\u00bb<\/em>.<\/p>\n<p>La cinta es de color violeta con ocho franjas rojas. El violeta simboliza el Gran Cielo, mientras que el rojo representa la lealtad. Las ocho franjas hacen referencia al lema <em>\u00abhakko-ichi-u\u00bb<\/em> (todo el mundo bajo un mismo techo).<\/p>\n<p>El 2600.\u00ba aniversario de la fundaci\u00f3n de Jap\u00f3n se celebr\u00f3 en noviembre de 1940 para conmemorar los 2.600 a\u00f1os desde la fundaci\u00f3n legendaria de Jap\u00f3n por el emperador Jimmu, el primer emperador del Jap\u00f3n, en el a\u00f1o 660 a. C. Seg\u00fan la tradici\u00f3n hist\u00f3rica japonesa, el emperador Jimmu ascendi\u00f3 al trono el 11 de febrero de 660 a. C., marcando el inicio de la l\u00ednea imperial japonesa.<\/p>\n<p><strong>Di\u00e1metro:<\/strong> 30 mm<\/p>\n<p><strong>Estado:<\/strong> muy bueno<\/p>\n","protected":false},"featured_media":11157,"comment_status":"open","ping_status":"closed","template":"","meta":{"_uf_show_specific_survey":0,"_uf_disable_surveys":false,"ocean_post_layout":"","ocean_both_sidebars_style":"","ocean_both_sidebars_content_width":0,"ocean_both_sidebars_sidebars_width":0,"ocean_sidebar":"0","ocean_second_sidebar":"0","ocean_disable_margins":"enable","ocean_add_body_class":"","ocean_shortcode_before_top_bar":"","ocean_shortcode_after_top_bar":"","ocean_shortcode_before_header":"","ocean_shortcode_after_header":"","ocean_has_shortcode":"","ocean_shortcode_after_title":"","ocean_shortcode_before_footer_widgets":"","ocean_shortcode_after_footer_widgets":"","ocean_shortcode_before_footer_bottom":"","ocean_shortcode_after_footer_bottom":"","ocean_display_top_bar":"default","ocean_display_header":"default","ocean_header_style":"","ocean_center_header_left_menu":"0","ocean_custom_header_template":"0","ocean_custom_logo":0,"ocean_custom_retina_logo":0,"ocean_custom_logo_max_width":0,"ocean_custom_logo_tablet_max_width":0,"ocean_custom_logo_mobile_max_width":0,"ocean_custom_logo_max_height":0,"ocean_custom_logo_tablet_max_height":0,"ocean_custom_logo_mobile_max_height":0,"ocean_header_custom_menu":"0","ocean_menu_typo_font_family":"0","ocean_menu_typo_font_subset":"","ocean_menu_typo_font_size":0,"ocean_menu_typo_font_size_tablet":0,"ocean_menu_typo_font_size_mobile":0,"ocean_menu_typo_font_size_unit":"px","ocean_menu_typo_font_weight":"","ocean_menu_typo_font_weight_tablet":"","ocean_menu_typo_font_weight_mobile":"","ocean_menu_typo_transform":"","ocean_menu_typo_transform_tablet":"","ocean_menu_typo_transform_mobile":"","ocean_menu_typo_line_height":0,"ocean_menu_typo_line_height_tablet":0,"ocean_menu_typo_line_height_mobile":0,"ocean_menu_typo_line_height_unit":"","ocean_menu_typo_spacing":0,"ocean_menu_typo_spacing_tablet":0,"ocean_menu_typo_spacing_mobile":0,"ocean_menu_typo_spacing_unit":"","ocean_menu_link_color":"","ocean_menu_link_color_hover":"","ocean_menu_link_color_active":"","ocean_menu_link_background":"","ocean_menu_link_hover_background":"","ocean_menu_link_active_background":"","ocean_menu_social_links_bg":"","ocean_menu_social_hover_links_bg":"","ocean_menu_social_links_color":"","ocean_menu_social_hover_links_color":"","ocean_disable_title":"default","ocean_disable_heading":"default","ocean_post_title":"","ocean_post_subheading":"","ocean_post_title_style":"","ocean_post_title_background_color":"","ocean_post_title_background":0,"ocean_post_title_bg_image_position":"","ocean_post_title_bg_image_attachment":"","ocean_post_title_bg_image_repeat":"","ocean_post_title_bg_image_size":"","ocean_post_title_height":0,"ocean_post_title_bg_overlay":0.5,"ocean_post_title_bg_overlay_color":"","ocean_disable_breadcrumbs":"default","ocean_breadcrumbs_color":"","ocean_breadcrumbs_separator_color":"","ocean_breadcrumbs_links_color":"","ocean_breadcrumbs_links_hover_color":"","ocean_display_footer_widgets":"default","ocean_display_footer_bottom":"default","ocean_custom_footer_template":"0"},"product_brand":[],"product_cat":[286,339,356,226],"product_tag":[],"class_list":{"0":"post-11170","1":"product","2":"type-product","3":"status-publish","4":"has-post-thumbnail","6":"product_cat-japon","7":"product_cat-medallas-y-condecoraciones","8":"product_cat-nuevos-articulos","9":"product_cat-segunda-guerra-mundial","10":"product_shipping_class-paquete-ligero","12":"entry","13":"has-media","15":"first","16":"instock","17":"sold-individually","18":"shipping-taxable","19":"purchasable","20":"product-type-simple","21":"has-product-nav","22":"col","23":"span_1_of_4","24":"owp-content-center","25":"item-entry","26":"owp-thumbs-layout-horizontal","27":"owp-btn-very-big","28":"owp-tabs-layout-horizontal"},"aioseo_notices":[],"_links":{"self":[{"href":"https:\/\/lieutenantpoilu.com\/es\/wp-json\/wp\/v2\/product\/11170","targetHints":{"allow":["GET"]}}],"collection":[{"href":"https:\/\/lieutenantpoilu.com\/es\/wp-json\/wp\/v2\/product"}],"about":[{"href":"https:\/\/lieutenantpoilu.com\/es\/wp-json\/wp\/v2\/types\/product"}],"replies":[{"embeddable":true,"href":"https:\/\/lieutenantpoilu.com\/es\/wp-json\/wp\/v2\/comments?post=11170"}],"wp:featuredmedia":[{"embeddable":true,"href":"https:\/\/lieutenantpoilu.com\/es\/wp-json\/wp\/v2\/media\/11157"}],"wp:attachment":[{"href":"https:\/\/lieutenantpoilu.com\/es\/wp-json\/wp\/v2\/media?parent=11170"}],"wp:term":[{"taxonomy":"product_brand","embeddable":true,"href":"https:\/\/lieutenantpoilu.com\/es\/wp-json\/wp\/v2\/product_brand?post=11170"},{"taxonomy":"product_cat","embeddable":true,"href":"https:\/\/lieutenantpoilu.com\/es\/wp-json\/wp\/v2\/product_cat?post=11170"},{"taxonomy":"product_tag","embeddable":true,"href":"https:\/\/lieutenantpoilu.com\/es\/wp-json\/wp\/v2\/product_tag?post=11170"}],"curies":[{"name":"wp","href":"https:\/\/api.w.org\/{rel}","templated":true}]}}